{"id":28421,"date":"2022-12-14T00:57:08","date_gmt":"2022-12-14T00:57:08","guid":{"rendered":"https:\/\/endocor.com\/lehre\/"},"modified":"2024-08-11T06:30:23","modified_gmt":"2024-08-11T06:30:23","slug":"lehre","status":"publish","type":"page","link":"https:\/\/endocor.com\/de\/lehre\/","title":{"rendered":"Lehre"},"content":{"rendered":"\t\t<div data-elementor-type=\"wp-page\" data-elementor-id=\"28421\" class=\"elementor elementor-28421 elementor-26750\">\n\t\t\t\t\t\t<section class=\"elementor-section elementor-top-section elementor-element elementor-element-32af9369 scheme_dark elementor-section-boxed elementor-section-height-default elementor-section-height-default sc_fly_static\" data-id=\"32af9369\" data-element_type=\"section\" data-e-type=\"section\" data-settings=\"{&quot;background_background&quot;:&quot;classic&quot;}\">\n\t\t\t\t\t\t\t<div class=\"elementor-background-overlay\"><\/div>\n\t\t\t\t\t\t\t<div class=\"elementor-container elementor-column-gap-extended\">\n\t\t\t\t\t<div class=\"elementor-column elementor-col-100 elementor-top-column elementor-element elementor-element-3685584e sc_content_align_inherit sc_layouts_column_icons_position_left sc_fly_static\" data-id=\"3685584e\" data-element_type=\"column\" data-e-type=\"column\">\n\t\t\t<div class=\"elementor-widget-wrap elementor-element-populated\">\n\t\t\t\t\t\t<div class=\"elementor-element elementor-element-10c3d97a sc_height_huge sc_fly_static elementor-widget elementor-widget-spacer\" data-id=\"10c3d97a\" data-element_type=\"widget\" data-e-type=\"widget\" data-widget_type=\"spacer.default\">\n\t\t\t\t<div class=\"elementor-widget-container\">\n\t\t\t\t\t\t\t<div class=\"elementor-spacer\">\n\t\t\t<div class=\"elementor-spacer-inner\"><\/div>\n\t\t<\/div>\n\t\t\t\t\t\t<\/div>\n\t\t\t\t<\/div>\n\t\t\t\t<div class=\"elementor-element elementor-element-55e9b3f6 sc_layouts_hide_on_mobile sc_height_tiny sc_layouts_hide_on_tablet sc_fly_static elementor-widget elementor-widget-spacer\" data-id=\"55e9b3f6\" data-element_type=\"widget\" data-e-type=\"widget\" data-widget_type=\"spacer.default\">\n\t\t\t\t<div class=\"elementor-widget-container\">\n\t\t\t\t\t\t\t<div class=\"elementor-spacer\">\n\t\t\t<div class=\"elementor-spacer-inner\"><\/div>\n\t\t<\/div>\n\t\t\t\t\t\t<\/div>\n\t\t\t\t<\/div>\n\t\t\t\t<div class=\"elementor-element elementor-element-1c3bdc2 sc_fly_static elementor-widget elementor-widget-trx_sc_title\" data-id=\"1c3bdc2\" data-element_type=\"widget\" data-e-type=\"widget\" data-widget_type=\"trx_sc_title.default\">\n\t\t\t\t<div class=\"elementor-widget-container\">\n\t\t\t\t\t<div\t\tclass=\"sc_title sc_title_default\" ><h1 class=\"sc_item_title sc_title_title sc_item_title_style_default sc_item_title_tag trx_addons_inline_588135157\"\n\t\t\t><span class=\"sc_item_title_text\">ERGREIFEN SIE DIE HERAUSFORDERUNG<br>UND LERNEN SIE VON DEN BESTEN. IEEN beitreten!<\/span><\/h1><\/div>\t\t\t\t<\/div>\n\t\t\t\t<\/div>\n\t\t\t\t<div class=\"elementor-element elementor-element-19cbd0a5 sc_height_tiny sc_fly_static elementor-widget elementor-widget-spacer\" data-id=\"19cbd0a5\" data-element_type=\"widget\" data-e-type=\"widget\" data-widget_type=\"spacer.default\">\n\t\t\t\t<div class=\"elementor-widget-container\">\n\t\t\t\t\t\t\t<div class=\"elementor-spacer\">\n\t\t\t<div class=\"elementor-spacer-inner\"><\/div>\n\t\t<\/div>\n\t\t\t\t\t\t<\/div>\n\t\t\t\t<\/div>\n\t\t\t\t<div class=\"elementor-element elementor-element-6d4b4389 sc_height_huge sc_fly_static elementor-widget elementor-widget-spacer\" data-id=\"6d4b4389\" data-element_type=\"widget\" data-e-type=\"widget\" data-widget_type=\"spacer.default\">\n\t\t\t\t<div class=\"elementor-widget-container\">\n\t\t\t\t\t\t\t<div class=\"elementor-spacer\">\n\t\t\t<div class=\"elementor-spacer-inner\"><\/div>\n\t\t<\/div>\n\t\t\t\t\t\t<\/div>\n\t\t\t\t<\/div>\n\t\t\t\t\t<\/div>\n\t\t<\/div>\n\t\t\t\t\t<\/div>\n\t\t<\/section>\n\t\t\t\t<section class=\"elementor-section elementor-top-section elementor-element elementor-element-409361ee elementor-section-boxed elementor-section-height-default elementor-section-height-default sc_fly_static\" data-id=\"409361ee\" data-element_type=\"section\" data-e-type=\"section\">\n\t\t\t\t\t\t<div class=\"elementor-container elementor-column-gap-extended\">\n\t\t\t\t\t<div class=\"elementor-column elementor-col-100 elementor-top-column elementor-element elementor-element-126ed31f sc_content_align_inherit sc_layouts_column_icons_position_left sc_fly_static\" data-id=\"126ed31f\" data-element_type=\"column\" data-e-type=\"column\">\n\t\t\t<div class=\"elementor-widget-wrap elementor-element-populated\">\n\t\t\t\t\t\t<div class=\"elementor-element elementor-element-348ee8d6 sc_height_huge sc_fly_static elementor-widget elementor-widget-spacer\" data-id=\"348ee8d6\" data-element_type=\"widget\" data-e-type=\"widget\" data-widget_type=\"spacer.default\">\n\t\t\t\t<div class=\"elementor-widget-container\">\n\t\t\t\t\t\t\t<div class=\"elementor-spacer\">\n\t\t\t<div class=\"elementor-spacer-inner\"><\/div>\n\t\t<\/div>\n\t\t\t\t\t\t<\/div>\n\t\t\t\t<\/div>\n\t\t\t\t<section class=\"elementor-section elementor-inner-section elementor-element elementor-element-52df1c83 elementor-section-boxed elementor-section-height-default elementor-section-height-default sc_fly_static\" data-id=\"52df1c83\" data-element_type=\"section\" data-e-type=\"section\">\n\t\t\t\t\t\t<div class=\"elementor-container elementor-column-gap-no\">\n\t\t\t\t\t<div class=\"elementor-column elementor-col-100 elementor-inner-column elementor-element elementor-element-4bad3ce2 sc_content_align_inherit sc_layouts_column_icons_position_left sc_fly_static\" data-id=\"4bad3ce2\" data-element_type=\"column\" data-e-type=\"column\">\n\t\t\t<div class=\"elementor-widget-wrap elementor-element-populated\">\n\t\t\t\t\t\t<div class=\"elementor-element elementor-element-139cab71 sc_fly_static elementor-widget elementor-widget-trx_sc_title\" data-id=\"139cab71\" data-element_type=\"widget\" data-e-type=\"widget\" data-widget_type=\"trx_sc_title.default\">\n\t\t\t\t<div class=\"elementor-widget-container\">\n\t\t\t\t\t<div\t\tclass=\"sc_title sc_title_default\" ><h3 class=\"sc_item_title sc_title_title sc_item_title_style_default sc_item_title_tag\"\n\t\t\t><span class=\"sc_item_title_text\">IEEN - Lehre, Wissensaustausch und zukunftsweisende Behandlungen<\/span><\/h3><\/div>\t\t\t\t<\/div>\n\t\t\t\t<\/div>\n\t\t\t\t\t<\/div>\n\t\t<\/div>\n\t\t\t\t\t<\/div>\n\t\t<\/section>\n\t\t\t\t<div class=\"elementor-element elementor-element-496e1495 sc_height_small sc_fly_static elementor-widget elementor-widget-spacer\" data-id=\"496e1495\" data-element_type=\"widget\" data-e-type=\"widget\" data-widget_type=\"spacer.default\">\n\t\t\t\t<div class=\"elementor-widget-container\">\n\t\t\t\t\t\t\t<div class=\"elementor-spacer\">\n\t\t\t<div class=\"elementor-spacer-inner\"><\/div>\n\t\t<\/div>\n\t\t\t\t\t\t<\/div>\n\t\t\t\t<\/div>\n\t\t\t\t<div class=\"elementor-element elementor-element-d604429 sc_fly_static elementor-widget elementor-widget-text-editor\" data-id=\"d604429\" data-element_type=\"widget\" data-e-type=\"widget\" data-widget_type=\"text-editor.default\">\n\t\t\t\t<div class=\"elementor-widget-container\">\n\t\t\t\t\t\t\t\t\t<p>ENDOCOR\u00b4s Servicepartner IEEN (International Endovascular Exchange Network) entwickelt durch Bildung, Schulungen und evidenzbasierte Forschung zukunftsweisende medizinische Dienste. IEEN ist eine Platform zum wissenschaftlichen Austausch endovaskul\u00e4rer Fachkenntnisse und der Kollaboration renommierter Experten. Es werden folgende Serviceleistungen zur Verf\u00fcgung gestellt:<\/p>\n\t\t\t\t\t\t\t\t<\/div>\n\t\t\t\t<\/div>\n\t\t\t\t<div class=\"elementor-element elementor-element-b6db748 sc_height_small sc_fly_static elementor-widget elementor-widget-spacer\" data-id=\"b6db748\" data-element_type=\"widget\" data-e-type=\"widget\" data-widget_type=\"spacer.default\">\n\t\t\t\t<div class=\"elementor-widget-container\">\n\t\t\t\t\t\t\t<div class=\"elementor-spacer\">\n\t\t\t<div class=\"elementor-spacer-inner\"><\/div>\n\t\t<\/div>\n\t\t\t\t\t\t<\/div>\n\t\t\t\t<\/div>\n\t\t\t\t<div class=\"elementor-element elementor-element-349a4ea sc_fly_static elementor-widget elementor-widget-text-editor\" data-id=\"349a4ea\" data-element_type=\"widget\" data-e-type=\"widget\" data-widget_type=\"text-editor.default\">\n\t\t\t\t<div class=\"elementor-widget-container\">\n\t\t\t\t\t\t\t\t\t<p><strong>IEEN@Deutschland<\/strong>: IEEN@Deutschland: Bei IEEN@Deutschland haben internationale Chef\u00e4rzte die M\u00f6glichkeit Ihre bisherigen Fachkenntnisse, sowie F\u00e4higkeiten in der endovaskul\u00e4ren Medizin weiter auszubauen. Sie k\u00f6nnen an verschiedenen Workshops, Seminaren und praktischen Schulungen in ausgezeichneten Zentren in ganz Deutschland teilnehmen. Dies erm\u00f6glicht internationalen \u00c4rzten an den neusten Entwicklungen und zukunftsweisenden Behandlungsm\u00f6glichkeiten in der endovaskul\u00e4ren Medizin zu partizipieren und mit an der Spitze der endovaskul\u00e4ren Forschung und Innovation zu stehen.<\/p>\n\t\t\t\t\t\t\t\t<\/div>\n\t\t\t\t<\/div>\n\t\t\t\t<div class=\"elementor-element elementor-element-30ea0cc sc_height_small sc_fly_static elementor-widget elementor-widget-spacer\" data-id=\"30ea0cc\" data-element_type=\"widget\" data-e-type=\"widget\" data-widget_type=\"spacer.default\">\n\t\t\t\t<div class=\"elementor-widget-container\">\n\t\t\t\t\t\t\t<div class=\"elementor-spacer\">\n\t\t\t<div class=\"elementor-spacer-inner\"><\/div>\n\t\t<\/div>\n\t\t\t\t\t\t<\/div>\n\t\t\t\t<\/div>\n\t\t\t\t<div class=\"elementor-element elementor-element-f73354e sc_fly_static elementor-widget elementor-widget-text-editor\" data-id=\"f73354e\" data-element_type=\"widget\" data-e-type=\"widget\" data-widget_type=\"text-editor.default\">\n\t\t\t\t<div class=\"elementor-widget-container\">\n\t\t\t\t\t\t\t\t\t<p><strong>IEEN@Gastland<\/strong>: Bei IEEN@Gastland werden deutsche Chef\u00e4rzte und Professoren mobilisiert endovaskul\u00e4re Interventionen in Gastl\u00e4ndern auf der ganzen Welt vorzuf\u00fchren. Hier wird die Anwendung neuer weiterentwickelter Techniken in den endovaskul\u00e4ren Medizin, sowie die Verwendung der innovativen ENDOCOR Produkte demonstriert. Dies erm\u00f6glicht \u00c4rzten aus Gastl\u00e4ndern vom deutschen Know-How zu profitieren und neuste wissenschaftliche Erkenntnisse bei Ihren Patienten anzuwenden.<\/p>\n\t\t\t\t\t\t\t\t<\/div>\n\t\t\t\t<\/div>\n\t\t\t\t<div class=\"elementor-element elementor-element-5b55abd sc_height_small sc_fly_static elementor-widget elementor-widget-spacer\" data-id=\"5b55abd\" data-element_type=\"widget\" data-e-type=\"widget\" data-widget_type=\"spacer.default\">\n\t\t\t\t<div class=\"elementor-widget-container\">\n\t\t\t\t\t\t\t<div class=\"elementor-spacer\">\n\t\t\t<div class=\"elementor-spacer-inner\"><\/div>\n\t\t<\/div>\n\t\t\t\t\t\t<\/div>\n\t\t\t\t<\/div>\n\t\t\t\t<div class=\"elementor-element elementor-element-7d6472c sc_fly_static elementor-widget elementor-widget-text-editor\" data-id=\"7d6472c\" data-element_type=\"widget\" data-e-type=\"widget\" data-widget_type=\"text-editor.default\">\n\t\t\t\t<div class=\"elementor-widget-container\">\n\t\t\t\t\t\t\t\t\t<p>Mitwirkende \u00c4rzte erhalten eine anerkannte Zertifikation in Ihrem Land oder in Deutschland f\u00fcr Ihre Partizipation bei IEEN mit Angabe der erworbenen Expertise. Krankenh\u00e4user oder medizinische Institutionen, die IEEN unterst\u00fctzen erhalten ebenfalls eine anerkannte internationale Designation als exzellente Zentren f\u00fcr endovaskul\u00e4re Medizin.<\/p>\n\t\t\t\t\t\t\t\t<\/div>\n\t\t\t\t<\/div>\n\t\t\t\t<div class=\"elementor-element elementor-element-24823da sc_height_tiny sc_fly_static elementor-widget elementor-widget-spacer\" data-id=\"24823da\" data-element_type=\"widget\" data-e-type=\"widget\" data-widget_type=\"spacer.default\">\n\t\t\t\t<div class=\"elementor-widget-container\">\n\t\t\t\t\t\t\t<div class=\"elementor-spacer\">\n\t\t\t<div class=\"elementor-spacer-inner\"><\/div>\n\t\t<\/div>\n\t\t\t\t\t\t<\/div>\n\t\t\t\t<\/div>\n\t\t\t\t<div class=\"elementor-element elementor-element-1c2c916 sc_fly_static elementor-widget elementor-widget-trx_sc_button\" data-id=\"1c2c916\" data-element_type=\"widget\" data-e-type=\"widget\" data-widget_type=\"trx_sc_button.default\">\n\t\t\t\t<div class=\"elementor-widget-container\">\n\t\t\t\t\t<div\tclass=\"sc_item_button sc_button_wrap\" ><a href=\"https:\/\/endocor.com\/de\/kontakt\/\" class=\"sc_button sc_button_simple sc_button_size_large sc_button_icon_left color_style_dark\" ><span class=\"sc_button_text\"><span class=\"sc_button_title\">Kontaktieren Sie uns f\u00fcr weitere Informationen.<\/span><\/span><\/a><\/div>\t\t\t\t<\/div>\n\t\t\t\t<\/div>\n\t\t\t\t<div class=\"elementor-element elementor-element-68da7253 sc_height_huge sc_fly_static elementor-widget elementor-widget-spacer\" data-id=\"68da7253\" data-element_type=\"widget\" data-e-type=\"widget\" data-widget_type=\"spacer.default\">\n\t\t\t\t<div class=\"elementor-widget-container\">\n\t\t\t\t\t\t\t<div class=\"elementor-spacer\">\n\t\t\t<div class=\"elementor-spacer-inner\"><\/div>\n\t\t<\/div>\n\t\t\t\t\t\t<\/div>\n\t\t\t\t<\/div>\n\t\t\t\t\t<\/div>\n\t\t<\/div>\n\t\t\t\t\t<\/div>\n\t\t<\/section>\n\t\t\t\t<\/div>\n\t\t","protected":false},"excerpt":{"rendered":"<p>ERGREIFEN SIE DIE HERAUSFORDERUNGUND LERNEN SIE VON DEN BESTEN. IEEN beitreten! IEEN &#8211; Lehre, Wissensaustausch und zukunftsweisende Behandlungen ENDOCOR\u00b4s Servicepartner IEEN (International Endovascular Exchange Network) entwickelt durch Bildung, Schulungen und&hellip;<\/p>\n","protected":false},"author":1,"featured_media":0,"parent":0,"menu_order":0,"comment_status":"closed","ping_status":"closed","template":"","meta":{"footnotes":""},"class_list":["post-28421","page","type-page","status-publish","hentry"],"yoast_head":"<!-- This site is optimized with the Yoast SEO plugin v27.3 - https:\/\/yoast.com\/product\/yoast-seo-wordpress\/ -->\n<title>Lehre<\/title>\n<meta name=\"description\" content=\"Ergreifen Sie die Herausforderung und lernen Sie von den besten. IEEN beitreten! IEEN - Lehre, Wissensaustausch und zukunftsweisende Behandlungen\" \/>\n<meta name=\"robots\" content=\"index, follow, max-snippet:-1, max-image-preview:large, max-video-preview:-1\" \/>\n<link rel=\"canonical\" href=\"https:\/\/endocor.com\/de\/lehre\/\" \/>\n<meta property=\"og:locale\" content=\"de_DE\" \/>\n<meta property=\"og:type\" content=\"article\" \/>\n<meta property=\"og:title\" content=\"Lehre\" \/>\n<meta property=\"og:description\" content=\"Ergreifen Sie die Herausforderung und lernen Sie von den besten. IEEN beitreten! IEEN - Lehre, Wissensaustausch und zukunftsweisende Behandlungen\" \/>\n<meta property=\"og:url\" content=\"https:\/\/endocor.com\/de\/lehre\/\" \/>\n<meta property=\"og:site_name\" content=\"ENDOCOR\" \/>\n<meta property=\"article:modified_time\" content=\"2024-08-11T06:30:23+00:00\" \/>\n<meta name=\"twitter:card\" content=\"summary_large_image\" \/>\n<meta name=\"twitter:label1\" content=\"Gesch\u00e4tzte Lesezeit\" \/>\n\t<meta name=\"twitter:data1\" content=\"2\u00a0Minuten\" \/>\n<script type=\"application\/ld+json\" class=\"yoast-schema-graph\">{\"@context\":\"https:\\\/\\\/schema.org\",\"@graph\":[{\"@type\":\"WebPage\",\"@id\":\"https:\\\/\\\/endocor.com\\\/de\\\/lehre\\\/\",\"url\":\"https:\\\/\\\/endocor.com\\\/de\\\/lehre\\\/\",\"name\":\"Lehre\",\"isPartOf\":{\"@id\":\"https:\\\/\\\/endocor.com\\\/de\\\/#website\"},\"datePublished\":\"2022-12-14T00:57:08+00:00\",\"dateModified\":\"2024-08-11T06:30:23+00:00\",\"description\":\"Ergreifen Sie die Herausforderung und lernen Sie von den besten. IEEN beitreten! IEEN - Lehre, Wissensaustausch und zukunftsweisende Behandlungen\",\"breadcrumb\":{\"@id\":\"https:\\\/\\\/endocor.com\\\/de\\\/lehre\\\/#breadcrumb\"},\"inLanguage\":\"de\",\"potentialAction\":[{\"@type\":\"ReadAction\",\"target\":[\"https:\\\/\\\/endocor.com\\\/de\\\/lehre\\\/\"]}]},{\"@type\":\"BreadcrumbList\",\"@id\":\"https:\\\/\\\/endocor.com\\\/de\\\/lehre\\\/#breadcrumb\",\"itemListElement\":[{\"@type\":\"ListItem\",\"position\":1,\"name\":\"Home\",\"item\":\"https:\\\/\\\/endocor.com\\\/de\\\/\"},{\"@type\":\"ListItem\",\"position\":2,\"name\":\"Lehre\"}]},{\"@type\":\"WebSite\",\"@id\":\"https:\\\/\\\/endocor.com\\\/de\\\/#website\",\"url\":\"https:\\\/\\\/endocor.com\\\/de\\\/\",\"name\":\"ENDOCOR - Pioneering Innovation for LifeTM\",\"description\":\"Pioneering Innovation for Life\",\"publisher\":{\"@id\":\"https:\\\/\\\/endocor.com\\\/de\\\/#organization\"},\"potentialAction\":[{\"@type\":\"SearchAction\",\"target\":{\"@type\":\"EntryPoint\",\"urlTemplate\":\"https:\\\/\\\/endocor.com\\\/de\\\/?s={search_term_string}\"},\"query-input\":{\"@type\":\"PropertyValueSpecification\",\"valueRequired\":true,\"valueName\":\"search_term_string\"}}],\"inLanguage\":\"de\"},{\"@type\":\"Organization\",\"@id\":\"https:\\\/\\\/endocor.com\\\/de\\\/#organization\",\"name\":\"ENDOCOR GmbH & CO. KG\",\"url\":\"https:\\\/\\\/endocor.com\\\/de\\\/\",\"logo\":{\"@type\":\"ImageObject\",\"inLanguage\":\"de\",\"@id\":\"https:\\\/\\\/endocor.com\\\/de\\\/#\\\/schema\\\/logo\\\/image\\\/\",\"url\":\"https:\\\/\\\/endocor.com\\\/wp-content\\\/uploads\\\/2022\\\/12\\\/cropped-cropped-endocor_logo_transparent_3-big.png\",\"contentUrl\":\"https:\\\/\\\/endocor.com\\\/wp-content\\\/uploads\\\/2022\\\/12\\\/cropped-cropped-endocor_logo_transparent_3-big.png\",\"width\":280,\"height\":66,\"caption\":\"ENDOCOR GmbH & CO. KG\"},\"image\":{\"@id\":\"https:\\\/\\\/endocor.com\\\/de\\\/#\\\/schema\\\/logo\\\/image\\\/\"}}]}<\/script>\n<!-- \/ Yoast SEO plugin. -->","yoast_head_json":{"title":"Lehre","description":"Ergreifen Sie die Herausforderung und lernen Sie von den besten. IEEN beitreten! IEEN - Lehre, Wissensaustausch und zukunftsweisende Behandlungen","robots":{"index":"index","follow":"follow","max-snippet":"max-snippet:-1","max-image-preview":"max-image-preview:large","max-video-preview":"max-video-preview:-1"},"canonical":"https:\/\/endocor.com\/de\/lehre\/","og_locale":"de_DE","og_type":"article","og_title":"Lehre","og_description":"Ergreifen Sie die Herausforderung und lernen Sie von den besten. IEEN beitreten! IEEN - Lehre, Wissensaustausch und zukunftsweisende Behandlungen","og_url":"https:\/\/endocor.com\/de\/lehre\/","og_site_name":"ENDOCOR","article_modified_time":"2024-08-11T06:30:23+00:00","twitter_card":"summary_large_image","twitter_misc":{"Gesch\u00e4tzte Lesezeit":"2\u00a0Minuten"},"schema":{"@context":"https:\/\/schema.org","@graph":[{"@type":"WebPage","@id":"https:\/\/endocor.com\/de\/lehre\/","url":"https:\/\/endocor.com\/de\/lehre\/","name":"Lehre","isPartOf":{"@id":"https:\/\/endocor.com\/de\/#website"},"datePublished":"2022-12-14T00:57:08+00:00","dateModified":"2024-08-11T06:30:23+00:00","description":"Ergreifen Sie die Herausforderung und lernen Sie von den besten. IEEN beitreten! IEEN - Lehre, Wissensaustausch und zukunftsweisende Behandlungen","breadcrumb":{"@id":"https:\/\/endocor.com\/de\/lehre\/#breadcrumb"},"inLanguage":"de","potentialAction":[{"@type":"ReadAction","target":["https:\/\/endocor.com\/de\/lehre\/"]}]},{"@type":"BreadcrumbList","@id":"https:\/\/endocor.com\/de\/lehre\/#breadcrumb","itemListElement":[{"@type":"ListItem","position":1,"name":"Home","item":"https:\/\/endocor.com\/de\/"},{"@type":"ListItem","position":2,"name":"Lehre"}]},{"@type":"WebSite","@id":"https:\/\/endocor.com\/de\/#website","url":"https:\/\/endocor.com\/de\/","name":"ENDOCOR - Pioneering Innovation for LifeTM","description":"Pioneering Innovation for Life","publisher":{"@id":"https:\/\/endocor.com\/de\/#organization"},"potentialAction":[{"@type":"SearchAction","target":{"@type":"EntryPoint","urlTemplate":"https:\/\/endocor.com\/de\/?s={search_term_string}"},"query-input":{"@type":"PropertyValueSpecification","valueRequired":true,"valueName":"search_term_string"}}],"inLanguage":"de"},{"@type":"Organization","@id":"https:\/\/endocor.com\/de\/#organization","name":"ENDOCOR GmbH & CO. KG","url":"https:\/\/endocor.com\/de\/","logo":{"@type":"ImageObject","inLanguage":"de","@id":"https:\/\/endocor.com\/de\/#\/schema\/logo\/image\/","url":"https:\/\/endocor.com\/wp-content\/uploads\/2022\/12\/cropped-cropped-endocor_logo_transparent_3-big.png","contentUrl":"https:\/\/endocor.com\/wp-content\/uploads\/2022\/12\/cropped-cropped-endocor_logo_transparent_3-big.png","width":280,"height":66,"caption":"ENDOCOR GmbH & CO. KG"},"image":{"@id":"https:\/\/endocor.com\/de\/#\/schema\/logo\/image\/"}}]}},"_links":{"self":[{"href":"https:\/\/endocor.com\/de\/wp-json\/wp\/v2\/pages\/28421","targetHints":{"allow":["GET"]}}],"collection":[{"href":"https:\/\/endocor.com\/de\/wp-json\/wp\/v2\/pages"}],"about":[{"href":"https:\/\/endocor.com\/de\/wp-json\/wp\/v2\/types\/page"}],"author":[{"embeddable":true,"href":"https:\/\/endocor.com\/de\/wp-json\/wp\/v2\/users\/1"}],"replies":[{"embeddable":true,"href":"https:\/\/endocor.com\/de\/wp-json\/wp\/v2\/comments?post=28421"}],"version-history":[{"count":3,"href":"https:\/\/endocor.com\/de\/wp-json\/wp\/v2\/pages\/28421\/revisions"}],"predecessor-version":[{"id":29311,"href":"https:\/\/endocor.com\/de\/wp-json\/wp\/v2\/pages\/28421\/revisions\/29311"}],"wp:attachment":[{"href":"https:\/\/endocor.com\/de\/wp-json\/wp\/v2\/media?parent=28421"}],"curies":[{"name":"wp","href":"https:\/\/api.w.org\/{rel}","templated":true}]}}