{"id":28393,"date":"2022-12-12T09:20:56","date_gmt":"2022-12-12T09:20:56","guid":{"rendered":"https:\/\/endocor.com\/aerzte\/"},"modified":"2024-08-11T06:28:53","modified_gmt":"2024-08-11T06:28:53","slug":"aerzte","status":"publish","type":"page","link":"https:\/\/endocor.com\/de\/aerzte\/","title":{"rendered":"\u00c4rzte"},"content":{"rendered":"\t\t<div data-elementor-type=\"wp-page\" data-elementor-id=\"28393\" class=\"elementor elementor-28393 elementor-26569\">\n\t\t\t\t\t\t<section class=\"elementor-section elementor-top-section elementor-element elementor-element-396735ab scheme_dark elementor-section-boxed elementor-section-height-default elementor-section-height-default sc_fly_static\" data-id=\"396735ab\" data-element_type=\"section\" data-e-type=\"section\" data-settings=\"{&quot;background_background&quot;:&quot;classic&quot;}\">\n\t\t\t\t\t\t\t<div class=\"elementor-background-overlay\"><\/div>\n\t\t\t\t\t\t\t<div class=\"elementor-container elementor-column-gap-extended\">\n\t\t\t\t\t<div class=\"elementor-column elementor-col-100 elementor-top-column elementor-element elementor-element-26dc7948 sc_content_align_inherit sc_layouts_column_icons_position_left sc_fly_static\" data-id=\"26dc7948\" data-element_type=\"column\" data-e-type=\"column\">\n\t\t\t<div class=\"elementor-widget-wrap elementor-element-populated\">\n\t\t\t\t\t\t<div class=\"elementor-element elementor-element-2aad1c82 sc_height_huge sc_fly_static elementor-widget elementor-widget-spacer\" data-id=\"2aad1c82\" data-element_type=\"widget\" data-e-type=\"widget\" data-widget_type=\"spacer.default\">\n\t\t\t\t<div class=\"elementor-widget-container\">\n\t\t\t\t\t\t\t<div class=\"elementor-spacer\">\n\t\t\t<div class=\"elementor-spacer-inner\"><\/div>\n\t\t<\/div>\n\t\t\t\t\t\t<\/div>\n\t\t\t\t<\/div>\n\t\t\t\t<div class=\"elementor-element elementor-element-372e8674 sc_layouts_hide_on_mobile sc_height_tiny sc_layouts_hide_on_tablet sc_fly_static elementor-widget elementor-widget-spacer\" data-id=\"372e8674\" data-element_type=\"widget\" data-e-type=\"widget\" data-widget_type=\"spacer.default\">\n\t\t\t\t<div class=\"elementor-widget-container\">\n\t\t\t\t\t\t\t<div class=\"elementor-spacer\">\n\t\t\t<div class=\"elementor-spacer-inner\"><\/div>\n\t\t<\/div>\n\t\t\t\t\t\t<\/div>\n\t\t\t\t<\/div>\n\t\t\t\t<div class=\"elementor-element elementor-element-268fd4a sc_fly_static elementor-widget elementor-widget-trx_sc_title\" data-id=\"268fd4a\" data-element_type=\"widget\" data-e-type=\"widget\" data-widget_type=\"trx_sc_title.default\">\n\t\t\t\t<div class=\"elementor-widget-container\">\n\t\t\t\t\t<div\t\tclass=\"sc_title sc_title_default\" ><h1 class=\"sc_item_title sc_title_title sc_item_title_style_default sc_item_title_tag trx_addons_inline_1042083049\"\n\t\t\t><span class=\"sc_item_title_text\">WIR GLAUBEN ZUM TANGO <br> TANZEN GEH\u00d6REN ZWEI!<\/span><\/h1><\/div>\t\t\t\t<\/div>\n\t\t\t\t<\/div>\n\t\t\t\t<div class=\"elementor-element elementor-element-6e249834 sc_height_tiny sc_fly_static elementor-widget elementor-widget-spacer\" data-id=\"6e249834\" data-element_type=\"widget\" data-e-type=\"widget\" data-widget_type=\"spacer.default\">\n\t\t\t\t<div class=\"elementor-widget-container\">\n\t\t\t\t\t\t\t<div class=\"elementor-spacer\">\n\t\t\t<div class=\"elementor-spacer-inner\"><\/div>\n\t\t<\/div>\n\t\t\t\t\t\t<\/div>\n\t\t\t\t<\/div>\n\t\t\t\t<div class=\"elementor-element elementor-element-3a1ede60 sc_height_huge sc_fly_static elementor-widget elementor-widget-spacer\" data-id=\"3a1ede60\" data-element_type=\"widget\" data-e-type=\"widget\" data-widget_type=\"spacer.default\">\n\t\t\t\t<div class=\"elementor-widget-container\">\n\t\t\t\t\t\t\t<div class=\"elementor-spacer\">\n\t\t\t<div class=\"elementor-spacer-inner\"><\/div>\n\t\t<\/div>\n\t\t\t\t\t\t<\/div>\n\t\t\t\t<\/div>\n\t\t\t\t\t<\/div>\n\t\t<\/div>\n\t\t\t\t\t<\/div>\n\t\t<\/section>\n\t\t\t\t<section class=\"elementor-section elementor-top-section elementor-element elementor-element-811d561 elementor-section-boxed elementor-section-height-default elementor-section-height-default sc_fly_static\" data-id=\"811d561\" data-element_type=\"section\" data-e-type=\"section\">\n\t\t\t\t\t\t<div class=\"elementor-container elementor-column-gap-extended\">\n\t\t\t\t\t<div class=\"elementor-column elementor-col-100 elementor-top-column elementor-element elementor-element-69dca805 sc_content_align_inherit sc_layouts_column_icons_position_left sc_fly_static\" data-id=\"69dca805\" data-element_type=\"column\" data-e-type=\"column\">\n\t\t\t<div class=\"elementor-widget-wrap elementor-element-populated\">\n\t\t\t\t\t\t<div class=\"elementor-element elementor-element-474de3bc sc_height_huge sc_fly_static elementor-widget elementor-widget-spacer\" data-id=\"474de3bc\" data-element_type=\"widget\" data-e-type=\"widget\" data-widget_type=\"spacer.default\">\n\t\t\t\t<div class=\"elementor-widget-container\">\n\t\t\t\t\t\t\t<div class=\"elementor-spacer\">\n\t\t\t<div class=\"elementor-spacer-inner\"><\/div>\n\t\t<\/div>\n\t\t\t\t\t\t<\/div>\n\t\t\t\t<\/div>\n\t\t\t\t<section class=\"elementor-section elementor-inner-section elementor-element elementor-element-7fb59148 elementor-section-boxed elementor-section-height-default elementor-section-height-default sc_fly_static\" data-id=\"7fb59148\" data-element_type=\"section\" data-e-type=\"section\">\n\t\t\t\t\t\t<div class=\"elementor-container elementor-column-gap-no\">\n\t\t\t\t\t<div class=\"elementor-column elementor-col-100 elementor-inner-column elementor-element elementor-element-2ad0a35c sc_content_align_inherit sc_layouts_column_icons_position_left sc_fly_static\" data-id=\"2ad0a35c\" data-element_type=\"column\" data-e-type=\"column\">\n\t\t\t<div class=\"elementor-widget-wrap elementor-element-populated\">\n\t\t\t\t\t\t<div class=\"elementor-element elementor-element-c604aa8 sc_fly_static elementor-widget elementor-widget-text-editor\" data-id=\"c604aa8\" data-element_type=\"widget\" data-e-type=\"widget\" data-widget_type=\"text-editor.default\">\n\t\t\t\t<div class=\"elementor-widget-container\">\n\t\t\t\t\t\t\t\t\t<p>Bei ENDOCOR glauben wir daran, zum Tango tanzen geh\u00f6ren immer zwei! Deshalb haben \u00c4rzte Ihren festen Platz im Herzen unserer Organisation. Wir kooperieren mit einigen der renommiertesten deutschen und internationalen \u00c4rzte der Welt, die in alle Entwicklungsstadien unserer Produkte involviert sind &#8211; von Materialien bis Implantationstechnologien, von klinischen Studien bis zu Schulungen. Diese \u00c4rzte gehen mit uns jeden Schritt des Weges.<\/p>\n<p>Wir streben immer nach weiterer Zusammenarbeit mit pionierhaften \u00c4rzten, die uns helfen die \u00dcberlegenheit unserer Produkte zu gew\u00e4hrleisten. Wenn Sie ein wegweisender Arzt sind und unserem R&amp;D Gremium von Experten oder unserem International Endovascular Exchange Network (IEEN <a class=\"external-link-new-window\" title=\"Opens internal link in current window\" href=\"http:\/\/www.ieen.de\/\" target=\"_blank\" rel=\"noopener\">www.ieen.de<\/a>) beitreten m\u00f6chten \u2013 Wir freuen uns Sie bei uns an Board zu haben. <\/p>\n\t\t\t\t\t\t\t\t<\/div>\n\t\t\t\t<\/div>\n\t\t\t\t<div class=\"elementor-element elementor-element-84452f6 sc_height_small sc_fly_static elementor-widget elementor-widget-spacer\" data-id=\"84452f6\" data-element_type=\"widget\" data-e-type=\"widget\" data-widget_type=\"spacer.default\">\n\t\t\t\t<div class=\"elementor-widget-container\">\n\t\t\t\t\t\t\t<div class=\"elementor-spacer\">\n\t\t\t<div class=\"elementor-spacer-inner\"><\/div>\n\t\t<\/div>\n\t\t\t\t\t\t<\/div>\n\t\t\t\t<\/div>\n\t\t\t\t<div class=\"elementor-element elementor-element-ebbb203 sc_fly_static elementor-widget elementor-widget-trx_sc_button\" data-id=\"ebbb203\" data-element_type=\"widget\" data-e-type=\"widget\" data-widget_type=\"trx_sc_button.default\">\n\t\t\t\t<div class=\"elementor-widget-container\">\n\t\t\t\t\t<div\tclass=\"sc_item_button sc_button_wrap\" ><a href=\"https:\/\/endocor.com\/de\/kontakt\/\" class=\"sc_button sc_button_simple sc_button_size_large sc_button_icon_left color_style_dark\" ><span class=\"sc_button_text\"><span class=\"sc_button_title\">F\u00fcr eine erste Kontaktaufnahme: Kontakt.<\/span><\/span><\/a><\/div>\t\t\t\t<\/div>\n\t\t\t\t<\/div>\n\t\t\t\t\t<\/div>\n\t\t<\/div>\n\t\t\t\t\t<\/div>\n\t\t<\/section>\n\t\t\t\t<div class=\"elementor-element elementor-element-42a887ed sc_height_large sc_fly_static elementor-widget elementor-widget-spacer\" data-id=\"42a887ed\" data-element_type=\"widget\" data-e-type=\"widget\" data-widget_type=\"spacer.default\">\n\t\t\t\t<div class=\"elementor-widget-container\">\n\t\t\t\t\t\t\t<div class=\"elementor-spacer\">\n\t\t\t<div class=\"elementor-spacer-inner\"><\/div>\n\t\t<\/div>\n\t\t\t\t\t\t<\/div>\n\t\t\t\t<\/div>\n\t\t\t\t\t<\/div>\n\t\t<\/div>\n\t\t\t\t\t<\/div>\n\t\t<\/section>\n\t\t\t\t<\/div>\n\t\t","protected":false},"excerpt":{"rendered":"<p>WIR GLAUBEN ZUM TANGO TANZEN GEH\u00d6REN ZWEI! Bei ENDOCOR glauben wir daran, zum Tango tanzen geh\u00f6ren immer zwei! Deshalb haben \u00c4rzte Ihren festen Platz im Herzen unserer Organisation. Wir kooperieren&hellip;<\/p>\n","protected":false},"author":1,"featured_media":0,"parent":0,"menu_order":0,"comment_status":"closed","ping_status":"closed","template":"","meta":{"footnotes":""},"class_list":["post-28393","page","type-page","status-publish","hentry"],"yoast_head":"<!-- This site is optimized with the Yoast SEO plugin v27.3 - https:\/\/yoast.com\/product\/yoast-seo-wordpress\/ -->\n<title>\u00c4rzte<\/title>\n<meta name=\"description\" content=\"Bei ENDOCOR glauben wir daran, zum Tango tanzen geh\u00f6ren immer zwei! Deshalb haben \u00c4rzte Ihren festen Platz im Herzen unserer Organisation. Wir kooperieren mit...\" \/>\n<meta name=\"robots\" content=\"index, follow, max-snippet:-1, max-image-preview:large, max-video-preview:-1\" \/>\n<link rel=\"canonical\" href=\"https:\/\/endocor.com\/de\/aerzte\/\" \/>\n<meta property=\"og:locale\" content=\"de_DE\" \/>\n<meta property=\"og:type\" content=\"article\" \/>\n<meta property=\"og:title\" content=\"\u00c4rzte\" \/>\n<meta property=\"og:description\" content=\"Bei ENDOCOR glauben wir daran, zum Tango tanzen geh\u00f6ren immer zwei! Deshalb haben \u00c4rzte Ihren festen Platz im Herzen unserer Organisation. Wir kooperieren mit...\" \/>\n<meta property=\"og:url\" content=\"https:\/\/endocor.com\/de\/aerzte\/\" \/>\n<meta property=\"og:site_name\" content=\"ENDOCOR\" \/>\n<meta property=\"article:modified_time\" content=\"2024-08-11T06:28:53+00:00\" \/>\n<meta name=\"twitter:card\" content=\"summary_large_image\" \/>\n<meta name=\"twitter:label1\" content=\"Gesch\u00e4tzte Lesezeit\" \/>\n\t<meta name=\"twitter:data1\" content=\"1\u00a0Minute\" \/>\n<script type=\"application\/ld+json\" class=\"yoast-schema-graph\">{\"@context\":\"https:\\\/\\\/schema.org\",\"@graph\":[{\"@type\":\"WebPage\",\"@id\":\"https:\\\/\\\/endocor.com\\\/de\\\/aerzte\\\/\",\"url\":\"https:\\\/\\\/endocor.com\\\/de\\\/aerzte\\\/\",\"name\":\"\u00c4rzte\",\"isPartOf\":{\"@id\":\"https:\\\/\\\/endocor.com\\\/de\\\/#website\"},\"datePublished\":\"2022-12-12T09:20:56+00:00\",\"dateModified\":\"2024-08-11T06:28:53+00:00\",\"description\":\"Bei ENDOCOR glauben wir daran, zum Tango tanzen geh\u00f6ren immer zwei! Deshalb haben \u00c4rzte Ihren festen Platz im Herzen unserer Organisation. Wir kooperieren mit...\",\"breadcrumb\":{\"@id\":\"https:\\\/\\\/endocor.com\\\/de\\\/aerzte\\\/#breadcrumb\"},\"inLanguage\":\"de\",\"potentialAction\":[{\"@type\":\"ReadAction\",\"target\":[\"https:\\\/\\\/endocor.com\\\/de\\\/aerzte\\\/\"]}]},{\"@type\":\"BreadcrumbList\",\"@id\":\"https:\\\/\\\/endocor.com\\\/de\\\/aerzte\\\/#breadcrumb\",\"itemListElement\":[{\"@type\":\"ListItem\",\"position\":1,\"name\":\"Home\",\"item\":\"https:\\\/\\\/endocor.com\\\/de\\\/\"},{\"@type\":\"ListItem\",\"position\":2,\"name\":\"\u00c4rzte\"}]},{\"@type\":\"WebSite\",\"@id\":\"https:\\\/\\\/endocor.com\\\/de\\\/#website\",\"url\":\"https:\\\/\\\/endocor.com\\\/de\\\/\",\"name\":\"ENDOCOR - Pioneering Innovation for LifeTM\",\"description\":\"Pioneering Innovation for Life\",\"publisher\":{\"@id\":\"https:\\\/\\\/endocor.com\\\/de\\\/#organization\"},\"potentialAction\":[{\"@type\":\"SearchAction\",\"target\":{\"@type\":\"EntryPoint\",\"urlTemplate\":\"https:\\\/\\\/endocor.com\\\/de\\\/?s={search_term_string}\"},\"query-input\":{\"@type\":\"PropertyValueSpecification\",\"valueRequired\":true,\"valueName\":\"search_term_string\"}}],\"inLanguage\":\"de\"},{\"@type\":\"Organization\",\"@id\":\"https:\\\/\\\/endocor.com\\\/de\\\/#organization\",\"name\":\"ENDOCOR GmbH & CO. KG\",\"url\":\"https:\\\/\\\/endocor.com\\\/de\\\/\",\"logo\":{\"@type\":\"ImageObject\",\"inLanguage\":\"de\",\"@id\":\"https:\\\/\\\/endocor.com\\\/de\\\/#\\\/schema\\\/logo\\\/image\\\/\",\"url\":\"https:\\\/\\\/endocor.com\\\/wp-content\\\/uploads\\\/2022\\\/12\\\/cropped-cropped-endocor_logo_transparent_3-big.png\",\"contentUrl\":\"https:\\\/\\\/endocor.com\\\/wp-content\\\/uploads\\\/2022\\\/12\\\/cropped-cropped-endocor_logo_transparent_3-big.png\",\"width\":280,\"height\":66,\"caption\":\"ENDOCOR GmbH & CO. KG\"},\"image\":{\"@id\":\"https:\\\/\\\/endocor.com\\\/de\\\/#\\\/schema\\\/logo\\\/image\\\/\"}}]}<\/script>\n<!-- \/ Yoast SEO plugin. -->","yoast_head_json":{"title":"\u00c4rzte","description":"Bei ENDOCOR glauben wir daran, zum Tango tanzen geh\u00f6ren immer zwei! Deshalb haben \u00c4rzte Ihren festen Platz im Herzen unserer Organisation. Wir kooperieren mit...","robots":{"index":"index","follow":"follow","max-snippet":"max-snippet:-1","max-image-preview":"max-image-preview:large","max-video-preview":"max-video-preview:-1"},"canonical":"https:\/\/endocor.com\/de\/aerzte\/","og_locale":"de_DE","og_type":"article","og_title":"\u00c4rzte","og_description":"Bei ENDOCOR glauben wir daran, zum Tango tanzen geh\u00f6ren immer zwei! Deshalb haben \u00c4rzte Ihren festen Platz im Herzen unserer Organisation. Wir kooperieren mit...","og_url":"https:\/\/endocor.com\/de\/aerzte\/","og_site_name":"ENDOCOR","article_modified_time":"2024-08-11T06:28:53+00:00","twitter_card":"summary_large_image","twitter_misc":{"Gesch\u00e4tzte Lesezeit":"1\u00a0Minute"},"schema":{"@context":"https:\/\/schema.org","@graph":[{"@type":"WebPage","@id":"https:\/\/endocor.com\/de\/aerzte\/","url":"https:\/\/endocor.com\/de\/aerzte\/","name":"\u00c4rzte","isPartOf":{"@id":"https:\/\/endocor.com\/de\/#website"},"datePublished":"2022-12-12T09:20:56+00:00","dateModified":"2024-08-11T06:28:53+00:00","description":"Bei ENDOCOR glauben wir daran, zum Tango tanzen geh\u00f6ren immer zwei! Deshalb haben \u00c4rzte Ihren festen Platz im Herzen unserer Organisation. Wir kooperieren mit...","breadcrumb":{"@id":"https:\/\/endocor.com\/de\/aerzte\/#breadcrumb"},"inLanguage":"de","potentialAction":[{"@type":"ReadAction","target":["https:\/\/endocor.com\/de\/aerzte\/"]}]},{"@type":"BreadcrumbList","@id":"https:\/\/endocor.com\/de\/aerzte\/#breadcrumb","itemListElement":[{"@type":"ListItem","position":1,"name":"Home","item":"https:\/\/endocor.com\/de\/"},{"@type":"ListItem","position":2,"name":"\u00c4rzte"}]},{"@type":"WebSite","@id":"https:\/\/endocor.com\/de\/#website","url":"https:\/\/endocor.com\/de\/","name":"ENDOCOR - Pioneering Innovation for LifeTM","description":"Pioneering Innovation for Life","publisher":{"@id":"https:\/\/endocor.com\/de\/#organization"},"potentialAction":[{"@type":"SearchAction","target":{"@type":"EntryPoint","urlTemplate":"https:\/\/endocor.com\/de\/?s={search_term_string}"},"query-input":{"@type":"PropertyValueSpecification","valueRequired":true,"valueName":"search_term_string"}}],"inLanguage":"de"},{"@type":"Organization","@id":"https:\/\/endocor.com\/de\/#organization","name":"ENDOCOR GmbH & CO. KG","url":"https:\/\/endocor.com\/de\/","logo":{"@type":"ImageObject","inLanguage":"de","@id":"https:\/\/endocor.com\/de\/#\/schema\/logo\/image\/","url":"https:\/\/endocor.com\/wp-content\/uploads\/2022\/12\/cropped-cropped-endocor_logo_transparent_3-big.png","contentUrl":"https:\/\/endocor.com\/wp-content\/uploads\/2022\/12\/cropped-cropped-endocor_logo_transparent_3-big.png","width":280,"height":66,"caption":"ENDOCOR GmbH & CO. KG"},"image":{"@id":"https:\/\/endocor.com\/de\/#\/schema\/logo\/image\/"}}]}},"_links":{"self":[{"href":"https:\/\/endocor.com\/de\/wp-json\/wp\/v2\/pages\/28393","targetHints":{"allow":["GET"]}}],"collection":[{"href":"https:\/\/endocor.com\/de\/wp-json\/wp\/v2\/pages"}],"about":[{"href":"https:\/\/endocor.com\/de\/wp-json\/wp\/v2\/types\/page"}],"author":[{"embeddable":true,"href":"https:\/\/endocor.com\/de\/wp-json\/wp\/v2\/users\/1"}],"replies":[{"embeddable":true,"href":"https:\/\/endocor.com\/de\/wp-json\/wp\/v2\/comments?post=28393"}],"version-history":[{"count":3,"href":"https:\/\/endocor.com\/de\/wp-json\/wp\/v2\/pages\/28393\/revisions"}],"predecessor-version":[{"id":29305,"href":"https:\/\/endocor.com\/de\/wp-json\/wp\/v2\/pages\/28393\/revisions\/29305"}],"wp:attachment":[{"href":"https:\/\/endocor.com\/de\/wp-json\/wp\/v2\/media?parent=28393"}],"curies":[{"name":"wp","href":"https:\/\/api.w.org\/{rel}","templated":true}]}}