{"id":28387,"date":"2022-12-12T10:28:14","date_gmt":"2022-12-12T10:28:14","guid":{"rendered":"https:\/\/endocor.com\/patienten\/"},"modified":"2024-08-11T06:30:17","modified_gmt":"2024-08-11T06:30:17","slug":"patienten","status":"publish","type":"page","link":"https:\/\/endocor.com\/de\/patienten\/","title":{"rendered":"Patienten"},"content":{"rendered":"\t\t<div data-elementor-type=\"wp-page\" data-elementor-id=\"28387\" class=\"elementor elementor-28387 elementor-26585\">\n\t\t\t\t\t\t<section class=\"elementor-section elementor-top-section elementor-element elementor-element-54439057 scheme_dark sc_bg_mask_4 elementor-section-boxed elementor-section-height-default elementor-section-height-default sc_fly_static\" data-id=\"54439057\" data-element_type=\"section\" data-e-type=\"section\" data-settings=\"{&quot;background_background&quot;:&quot;classic&quot;}\">\n\t\t\t\t\t\t\t<div class=\"elementor-background-overlay\"><\/div>\n\t\t\t\t\t\t\t<div class=\"elementor-container elementor-column-gap-extended\">\n\t\t\t\t\t<div class=\"elementor-column elementor-col-100 elementor-top-column elementor-element elementor-element-767225d4 sc_content_align_inherit sc_layouts_column_icons_position_left sc_fly_static\" data-id=\"767225d4\" data-element_type=\"column\" data-e-type=\"column\">\n\t\t\t<div class=\"elementor-widget-wrap elementor-element-populated\">\n\t\t\t\t\t\t<div class=\"elementor-element elementor-element-3ee6b1b5 sc_height_huge sc_fly_static elementor-widget elementor-widget-spacer\" data-id=\"3ee6b1b5\" data-element_type=\"widget\" data-e-type=\"widget\" data-widget_type=\"spacer.default\">\n\t\t\t\t<div class=\"elementor-widget-container\">\n\t\t\t\t\t\t\t<div class=\"elementor-spacer\">\n\t\t\t<div class=\"elementor-spacer-inner\"><\/div>\n\t\t<\/div>\n\t\t\t\t\t\t<\/div>\n\t\t\t\t<\/div>\n\t\t\t\t<div class=\"elementor-element elementor-element-5a571fc1 sc_layouts_hide_on_mobile sc_height_tiny sc_layouts_hide_on_tablet sc_fly_static elementor-widget elementor-widget-spacer\" data-id=\"5a571fc1\" data-element_type=\"widget\" data-e-type=\"widget\" data-widget_type=\"spacer.default\">\n\t\t\t\t<div class=\"elementor-widget-container\">\n\t\t\t\t\t\t\t<div class=\"elementor-spacer\">\n\t\t\t<div class=\"elementor-spacer-inner\"><\/div>\n\t\t<\/div>\n\t\t\t\t\t\t<\/div>\n\t\t\t\t<\/div>\n\t\t\t\t<div class=\"elementor-element elementor-element-22f87f95 sc_fly_static elementor-widget elementor-widget-trx_sc_title\" data-id=\"22f87f95\" data-element_type=\"widget\" data-e-type=\"widget\" data-widget_type=\"trx_sc_title.default\">\n\t\t\t\t<div class=\"elementor-widget-container\">\n\t\t\t\t\t<div\t\tclass=\"sc_title sc_title_default\" ><h1 class=\"sc_item_title sc_title_title sc_item_title_style_default sc_item_title_tag trx_addons_inline_1659776518\"\n\t\t\t><span class=\"sc_item_title_text\">LERNEN SIE MEHR \u00dcBER <br> VASKUL\u00c4RE ERKRANKUNGEN.<\/span><\/h1><\/div>\t\t\t\t<\/div>\n\t\t\t\t<\/div>\n\t\t\t\t<div class=\"elementor-element elementor-element-5ad0403e sc_height_tiny sc_fly_static elementor-widget elementor-widget-spacer\" data-id=\"5ad0403e\" data-element_type=\"widget\" data-e-type=\"widget\" data-widget_type=\"spacer.default\">\n\t\t\t\t<div class=\"elementor-widget-container\">\n\t\t\t\t\t\t\t<div class=\"elementor-spacer\">\n\t\t\t<div class=\"elementor-spacer-inner\"><\/div>\n\t\t<\/div>\n\t\t\t\t\t\t<\/div>\n\t\t\t\t<\/div>\n\t\t\t\t<div class=\"elementor-element elementor-element-65bfd1b6 sc_height_huge sc_fly_static elementor-widget elementor-widget-spacer\" data-id=\"65bfd1b6\" data-element_type=\"widget\" data-e-type=\"widget\" data-widget_type=\"spacer.default\">\n\t\t\t\t<div class=\"elementor-widget-container\">\n\t\t\t\t\t\t\t<div class=\"elementor-spacer\">\n\t\t\t<div class=\"elementor-spacer-inner\"><\/div>\n\t\t<\/div>\n\t\t\t\t\t\t<\/div>\n\t\t\t\t<\/div>\n\t\t\t\t\t<\/div>\n\t\t<\/div>\n\t\t\t\t\t<\/div>\n\t\t<\/section>\n\t\t\t\t<section class=\"elementor-section elementor-top-section elementor-element elementor-element-3865afd5 elementor-section-boxed elementor-section-height-default elementor-section-height-default sc_fly_static\" data-id=\"3865afd5\" data-element_type=\"section\" data-e-type=\"section\">\n\t\t\t\t\t\t<div class=\"elementor-container elementor-column-gap-extended\">\n\t\t\t\t\t<div class=\"elementor-column elementor-col-100 elementor-top-column elementor-element elementor-element-46ea93ae sc_content_align_inherit sc_layouts_column_icons_position_left sc_fly_static\" data-id=\"46ea93ae\" data-element_type=\"column\" data-e-type=\"column\">\n\t\t\t<div class=\"elementor-widget-wrap elementor-element-populated\">\n\t\t\t\t\t\t<div class=\"elementor-element elementor-element-475485f0 sc_height_huge sc_fly_static elementor-widget elementor-widget-spacer\" data-id=\"475485f0\" data-element_type=\"widget\" data-e-type=\"widget\" data-widget_type=\"spacer.default\">\n\t\t\t\t<div class=\"elementor-widget-container\">\n\t\t\t\t\t\t\t<div class=\"elementor-spacer\">\n\t\t\t<div class=\"elementor-spacer-inner\"><\/div>\n\t\t<\/div>\n\t\t\t\t\t\t<\/div>\n\t\t\t\t<\/div>\n\t\t\t\t\t<\/div>\n\t\t<\/div>\n\t\t\t\t\t<\/div>\n\t\t<\/section>\n\t\t\t\t<section class=\"elementor-section elementor-inner-section elementor-element elementor-element-702caa53 elementor-section-boxed elementor-section-height-default elementor-section-height-default sc_fly_static\" data-id=\"702caa53\" data-element_type=\"section\" data-e-type=\"section\">\n\t\t\t\t\t\t<div class=\"elementor-container elementor-column-gap-no\">\n\t\t\t\t\t<div class=\"elementor-column elementor-col-100 elementor-inner-column elementor-element elementor-element-577f1c83 sc_content_align_inherit sc_layouts_column_icons_position_left sc_fly_static\" data-id=\"577f1c83\" data-element_type=\"column\" data-e-type=\"column\">\n\t\t\t<div class=\"elementor-widget-wrap elementor-element-populated\">\n\t\t\t\t\t\t<div class=\"elementor-element elementor-element-7c7d0479 sc_fly_static elementor-widget elementor-widget-trx_sc_icons\" data-id=\"7c7d0479\" data-element_type=\"widget\" data-e-type=\"widget\" data-widget_type=\"trx_sc_icons.default\">\n\t\t\t\t<div class=\"elementor-widget-container\">\n\t\t\t\t\t<div \tclass=\"sc_icons color_style_link2 sc_icons_hover2 sc_icons_size_medium sc_align_left\" ><div class=\"sc_icons_columns_wrap sc_item_columns trx_addons_columns_wrap columns_padding_bottom columns_in_single_row\" ><div class=\"trx_addons_column-1_2\"><div class=\"sc_icons_item sc_icons_item_linked with_more\"><div class=\"sc_icons_icon sc_icons_char\" data-char=\"*\" style=\"color: #838383\" ><span data-char=\"*\" style=\"color: #838383\"><\/span><\/div><div class=\"sc_icons_item_details\"><h4 class=\"sc_icons_item_title\" style=\"color:#646067;\"><a href=\"https:\/\/endocor.com\/wp-content\/uploads\/2022\/12\/CAD_Patient_Information_Guide.pdf\">\r\n                                    Koronare Arterienkrankheit (CAD)                                    <\/a><\/h4><div class=\"sc_icons_item_description\"><span>Die koronare Arterienkrankheit entwickelt sich, wenn Ihre koronaren Arterien - die wichtigsten Hauptblutgef\u00e4\u00dfe, die Ihr Herz mit Blut, Sauerstoff und N\u00e4hrstoffen versorgen - erkranken oder besch\u00e4digt werden Cholesterin-haltige Ablagerungen (Plaque) in Ihren Arterien sind normalerweise verantwortlich f\u00fcr die koronare Arterienkrankheit. Diese resultiert aus der graduellen Verengung der Arterien, die den Herzmuskel versorgen.<\/span><\/div><a href=\"https:\/\/endocor.com\/wp-content\/uploads\/2022\/12\/CAD_Patient_Information_Guide.pdf\" class=\"sc_icons_item_more_link\">\r\n                        <span class=\"link_text\">Download your CAD Patient Information Guide<\/span><span class=\"link_icon\"><\/span>\r\n                        <\/a><a href=\"https:\/\/endocor.com\/wp-content\/uploads\/2022\/12\/CAD_Patient_Information_Guide.pdf\"\r\n                        class=\"sc_icons_item_link\">\r\n                        <\/a><\/div><\/div><\/div><div class=\"trx_addons_column-1_2\"><div class=\"sc_icons_item sc_icons_item_linked with_more\"><div class=\"sc_icons_icon sc_icons_char\" data-char=\"*\" style=\"color: #838383\" ><span data-char=\"*\" style=\"color: #838383\"><\/span><\/div><div class=\"sc_icons_item_details\"><h4 class=\"sc_icons_item_title\" style=\"color:#646067;\"><a href=\"https:\/\/endocor.com\/wp-content\/uploads\/2022\/12\/PVD_Patient_Information_Guide.pdf\">\r\n                                    Periphere Verschlusskrankheit (PVD)                                    <\/a><\/h4><div class=\"sc_icons_item_description\"><span>Die periphere Verschlusskrankheit, auch bekannt als periphere Arterienerkrankung oder Schaufensterkrankheit (PVD, PAD, PAOD) bezieht sich auf Erkrankungen, die durch Verkalkungen in den langen peripheren Arterien hervorgerufen werden. Diese transportieren das Blut des K\u00f6rpers zu den Beinen, Armen, F\u00fc\u00dfen, zum Bauch, den Nieren und zum Kopf.<\/span><\/div><a href=\"https:\/\/endocor.com\/wp-content\/uploads\/2022\/12\/PVD_Patient_Information_Guide.pdf\" class=\"sc_icons_item_more_link\">\r\n                        <span class=\"link_text\">Download your PVD Patient Information Guide<\/span><span class=\"link_icon\"><\/span>\r\n                        <\/a><a href=\"https:\/\/endocor.com\/wp-content\/uploads\/2022\/12\/PVD_Patient_Information_Guide.pdf\"\r\n                        class=\"sc_icons_item_link\">\r\n                        <\/a><\/div><\/div><\/div><\/div><\/div><!-- \/.sc_icons -->\t\t\t\t<\/div>\n\t\t\t\t<\/div>\n\t\t\t\t<div class=\"elementor-element elementor-element-e0d45f6 sc_height_huge sc_fly_static elementor-widget elementor-widget-spacer\" data-id=\"e0d45f6\" data-element_type=\"widget\" data-e-type=\"widget\" data-widget_type=\"spacer.default\">\n\t\t\t\t<div class=\"elementor-widget-container\">\n\t\t\t\t\t\t\t<div class=\"elementor-spacer\">\n\t\t\t<div class=\"elementor-spacer-inner\"><\/div>\n\t\t<\/div>\n\t\t\t\t\t\t<\/div>\n\t\t\t\t<\/div>\n\t\t\t\t<div class=\"elementor-element elementor-element-66f9764 sc_height_large sc_fly_static elementor-widget elementor-widget-spacer\" data-id=\"66f9764\" data-element_type=\"widget\" data-e-type=\"widget\" data-widget_type=\"spacer.default\">\n\t\t\t\t<div class=\"elementor-widget-container\">\n\t\t\t\t\t\t\t<div class=\"elementor-spacer\">\n\t\t\t<div class=\"elementor-spacer-inner\"><\/div>\n\t\t<\/div>\n\t\t\t\t\t\t<\/div>\n\t\t\t\t<\/div>\n\t\t\t\t\t<\/div>\n\t\t<\/div>\n\t\t\t\t\t<\/div>\n\t\t<\/section>\n\t\t\t\t<\/div>\n\t\t","protected":false},"excerpt":{"rendered":"<p>LERNEN SIE MEHR \u00dcBER VASKUL\u00c4RE ERKRANKUNGEN. Koronare Arterienkrankheit (CAD) Die koronare Arterienkrankheit entwickelt sich, wenn Ihre koronaren Arterien &#8211; die wichtigsten Hauptblutgef\u00e4\u00dfe, die Ihr Herz mit Blut, Sauerstoff und N\u00e4hrstoffen&hellip;<\/p>\n","protected":false},"author":1,"featured_media":0,"parent":0,"menu_order":0,"comment_status":"closed","ping_status":"closed","template":"","meta":{"footnotes":""},"class_list":["post-28387","page","type-page","status-publish","hentry"],"yoast_head":"<!-- This site is optimized with the Yoast SEO plugin v27.3 - https:\/\/yoast.com\/product\/yoast-seo-wordpress\/ -->\n<title>Patienten<\/title>\n<meta name=\"description\" content=\"Lernen Sie mehr \u00fcber vaskul\u00e4re Erkrankungen.\" \/>\n<meta name=\"robots\" content=\"index, follow, max-snippet:-1, max-image-preview:large, max-video-preview:-1\" \/>\n<link rel=\"canonical\" href=\"https:\/\/endocor.com\/de\/patienten\/\" \/>\n<meta property=\"og:locale\" content=\"de_DE\" \/>\n<meta property=\"og:type\" content=\"article\" \/>\n<meta property=\"og:title\" content=\"Patienten\" \/>\n<meta property=\"og:description\" content=\"Lernen Sie mehr \u00fcber vaskul\u00e4re Erkrankungen.\" \/>\n<meta property=\"og:url\" content=\"https:\/\/endocor.com\/de\/patienten\/\" \/>\n<meta property=\"og:site_name\" content=\"ENDOCOR\" \/>\n<meta property=\"article:modified_time\" content=\"2024-08-11T06:30:17+00:00\" \/>\n<meta name=\"twitter:card\" content=\"summary_large_image\" \/>\n<meta name=\"twitter:label1\" content=\"Gesch\u00e4tzte Lesezeit\" \/>\n\t<meta name=\"twitter:data1\" content=\"1\u00a0Minute\" \/>\n<script type=\"application\/ld+json\" class=\"yoast-schema-graph\">{\"@context\":\"https:\\\/\\\/schema.org\",\"@graph\":[{\"@type\":\"WebPage\",\"@id\":\"https:\\\/\\\/endocor.com\\\/de\\\/patienten\\\/\",\"url\":\"https:\\\/\\\/endocor.com\\\/de\\\/patienten\\\/\",\"name\":\"Patienten\",\"isPartOf\":{\"@id\":\"https:\\\/\\\/endocor.com\\\/de\\\/#website\"},\"datePublished\":\"2022-12-12T10:28:14+00:00\",\"dateModified\":\"2024-08-11T06:30:17+00:00\",\"description\":\"Lernen Sie mehr \u00fcber vaskul\u00e4re Erkrankungen.\",\"breadcrumb\":{\"@id\":\"https:\\\/\\\/endocor.com\\\/de\\\/patienten\\\/#breadcrumb\"},\"inLanguage\":\"de\",\"potentialAction\":[{\"@type\":\"ReadAction\",\"target\":[\"https:\\\/\\\/endocor.com\\\/de\\\/patienten\\\/\"]}]},{\"@type\":\"BreadcrumbList\",\"@id\":\"https:\\\/\\\/endocor.com\\\/de\\\/patienten\\\/#breadcrumb\",\"itemListElement\":[{\"@type\":\"ListItem\",\"position\":1,\"name\":\"Home\",\"item\":\"https:\\\/\\\/endocor.com\\\/de\\\/\"},{\"@type\":\"ListItem\",\"position\":2,\"name\":\"Patienten\"}]},{\"@type\":\"WebSite\",\"@id\":\"https:\\\/\\\/endocor.com\\\/de\\\/#website\",\"url\":\"https:\\\/\\\/endocor.com\\\/de\\\/\",\"name\":\"ENDOCOR - Pioneering Innovation for LifeTM\",\"description\":\"Pioneering Innovation for Life\",\"publisher\":{\"@id\":\"https:\\\/\\\/endocor.com\\\/de\\\/#organization\"},\"potentialAction\":[{\"@type\":\"SearchAction\",\"target\":{\"@type\":\"EntryPoint\",\"urlTemplate\":\"https:\\\/\\\/endocor.com\\\/de\\\/?s={search_term_string}\"},\"query-input\":{\"@type\":\"PropertyValueSpecification\",\"valueRequired\":true,\"valueName\":\"search_term_string\"}}],\"inLanguage\":\"de\"},{\"@type\":\"Organization\",\"@id\":\"https:\\\/\\\/endocor.com\\\/de\\\/#organization\",\"name\":\"ENDOCOR GmbH & CO. KG\",\"url\":\"https:\\\/\\\/endocor.com\\\/de\\\/\",\"logo\":{\"@type\":\"ImageObject\",\"inLanguage\":\"de\",\"@id\":\"https:\\\/\\\/endocor.com\\\/de\\\/#\\\/schema\\\/logo\\\/image\\\/\",\"url\":\"https:\\\/\\\/endocor.com\\\/wp-content\\\/uploads\\\/2022\\\/12\\\/cropped-cropped-endocor_logo_transparent_3-big.png\",\"contentUrl\":\"https:\\\/\\\/endocor.com\\\/wp-content\\\/uploads\\\/2022\\\/12\\\/cropped-cropped-endocor_logo_transparent_3-big.png\",\"width\":280,\"height\":66,\"caption\":\"ENDOCOR GmbH & CO. KG\"},\"image\":{\"@id\":\"https:\\\/\\\/endocor.com\\\/de\\\/#\\\/schema\\\/logo\\\/image\\\/\"}}]}<\/script>\n<!-- \/ Yoast SEO plugin. -->","yoast_head_json":{"title":"Patienten","description":"Lernen Sie mehr \u00fcber vaskul\u00e4re Erkrankungen.","robots":{"index":"index","follow":"follow","max-snippet":"max-snippet:-1","max-image-preview":"max-image-preview:large","max-video-preview":"max-video-preview:-1"},"canonical":"https:\/\/endocor.com\/de\/patienten\/","og_locale":"de_DE","og_type":"article","og_title":"Patienten","og_description":"Lernen Sie mehr \u00fcber vaskul\u00e4re Erkrankungen.","og_url":"https:\/\/endocor.com\/de\/patienten\/","og_site_name":"ENDOCOR","article_modified_time":"2024-08-11T06:30:17+00:00","twitter_card":"summary_large_image","twitter_misc":{"Gesch\u00e4tzte Lesezeit":"1\u00a0Minute"},"schema":{"@context":"https:\/\/schema.org","@graph":[{"@type":"WebPage","@id":"https:\/\/endocor.com\/de\/patienten\/","url":"https:\/\/endocor.com\/de\/patienten\/","name":"Patienten","isPartOf":{"@id":"https:\/\/endocor.com\/de\/#website"},"datePublished":"2022-12-12T10:28:14+00:00","dateModified":"2024-08-11T06:30:17+00:00","description":"Lernen Sie mehr \u00fcber vaskul\u00e4re Erkrankungen.","breadcrumb":{"@id":"https:\/\/endocor.com\/de\/patienten\/#breadcrumb"},"inLanguage":"de","potentialAction":[{"@type":"ReadAction","target":["https:\/\/endocor.com\/de\/patienten\/"]}]},{"@type":"BreadcrumbList","@id":"https:\/\/endocor.com\/de\/patienten\/#breadcrumb","itemListElement":[{"@type":"ListItem","position":1,"name":"Home","item":"https:\/\/endocor.com\/de\/"},{"@type":"ListItem","position":2,"name":"Patienten"}]},{"@type":"WebSite","@id":"https:\/\/endocor.com\/de\/#website","url":"https:\/\/endocor.com\/de\/","name":"ENDOCOR - Pioneering Innovation for LifeTM","description":"Pioneering Innovation for Life","publisher":{"@id":"https:\/\/endocor.com\/de\/#organization"},"potentialAction":[{"@type":"SearchAction","target":{"@type":"EntryPoint","urlTemplate":"https:\/\/endocor.com\/de\/?s={search_term_string}"},"query-input":{"@type":"PropertyValueSpecification","valueRequired":true,"valueName":"search_term_string"}}],"inLanguage":"de"},{"@type":"Organization","@id":"https:\/\/endocor.com\/de\/#organization","name":"ENDOCOR GmbH & CO. KG","url":"https:\/\/endocor.com\/de\/","logo":{"@type":"ImageObject","inLanguage":"de","@id":"https:\/\/endocor.com\/de\/#\/schema\/logo\/image\/","url":"https:\/\/endocor.com\/wp-content\/uploads\/2022\/12\/cropped-cropped-endocor_logo_transparent_3-big.png","contentUrl":"https:\/\/endocor.com\/wp-content\/uploads\/2022\/12\/cropped-cropped-endocor_logo_transparent_3-big.png","width":280,"height":66,"caption":"ENDOCOR GmbH & CO. KG"},"image":{"@id":"https:\/\/endocor.com\/de\/#\/schema\/logo\/image\/"}}]}},"_links":{"self":[{"href":"https:\/\/endocor.com\/de\/wp-json\/wp\/v2\/pages\/28387","targetHints":{"allow":["GET"]}}],"collection":[{"href":"https:\/\/endocor.com\/de\/wp-json\/wp\/v2\/pages"}],"about":[{"href":"https:\/\/endocor.com\/de\/wp-json\/wp\/v2\/types\/page"}],"author":[{"embeddable":true,"href":"https:\/\/endocor.com\/de\/wp-json\/wp\/v2\/users\/1"}],"replies":[{"embeddable":true,"href":"https:\/\/endocor.com\/de\/wp-json\/wp\/v2\/comments?post=28387"}],"version-history":[{"count":3,"href":"https:\/\/endocor.com\/de\/wp-json\/wp\/v2\/pages\/28387\/revisions"}],"predecessor-version":[{"id":29308,"href":"https:\/\/endocor.com\/de\/wp-json\/wp\/v2\/pages\/28387\/revisions\/29308"}],"wp:attachment":[{"href":"https:\/\/endocor.com\/de\/wp-json\/wp\/v2\/media?parent=28387"}],"curies":[{"name":"wp","href":"https:\/\/api.w.org\/{rel}","templated":true}]}}