{"id":28381,"date":"2022-12-10T00:29:51","date_gmt":"2022-12-10T00:29:51","guid":{"rendered":"https:\/\/endocor.com\/impressum\/"},"modified":"2024-08-11T06:12:53","modified_gmt":"2024-08-11T06:12:53","slug":"impressum","status":"publish","type":"page","link":"https:\/\/endocor.com\/de\/impressum\/","title":{"rendered":"Impressum"},"content":{"rendered":"\t\t<div data-elementor-type=\"wp-page\" data-elementor-id=\"28381\" class=\"elementor elementor-28381 elementor-25804\">\n\t\t\t\t\t\t<section class=\"elementor-section elementor-top-section elementor-element elementor-element-7166efa elementor-section-boxed elementor-section-height-default elementor-section-height-default sc_fly_static\" data-id=\"7166efa\" data-element_type=\"section\" data-e-type=\"section\">\n\t\t\t\t\t\t<div class=\"elementor-container elementor-column-gap-extended\">\n\t\t\t\t\t<div class=\"elementor-column elementor-col-100 elementor-top-column elementor-element elementor-element-3fe3b30 sc_content_align_inherit sc_layouts_column_icons_position_left sc_fly_static\" data-id=\"3fe3b30\" data-element_type=\"column\" data-e-type=\"column\">\n\t\t\t<div class=\"elementor-widget-wrap elementor-element-populated\">\n\t\t\t\t\t\t<div class=\"elementor-element elementor-element-c9e7f16 sc_fly_static elementor-widget elementor-widget-text-editor\" data-id=\"c9e7f16\" data-element_type=\"widget\" data-e-type=\"widget\" data-widget_type=\"text-editor.default\">\n\t\t\t\t<div class=\"elementor-widget-container\">\n\t\t\t\t\t\t\t\t\t<p class=\"bodytext\">ENDOCOR GMBH &amp; CO. KG<br \/>Steinburgstra\u00dfe 17<br \/>D-25348 Gl\u00fcckstadt<br \/>Deutschland<\/p>\n<p class=\"bodytext\">Tel: + 49 4124 9395313<br \/>Fax: + 49 4124 9395312<br \/>E-mail: <a>info(at)endocor.com<\/a><br \/>Website: <a href=\"http:\/\/www.endocor.com\/\" target=\"_blank\" rel=\"noopener\">www.endocor.com<\/a><\/p>\n<p class=\"bodytext\">\n<p class=\"bodytext\">Gesch\u00e4ftsf\u00fchrer: Mr. Eyad Shanti<\/p>\n<p class=\"bodytext\">Sitz der Gesellschaft: Gl\u00fcckstadt, Amtsgericht Pinneberg<\/p>\n<p class=\"bodytext\">HRA-Nr.: 8654 PI<\/p>\n<p class=\"bodytext\">Ust-Ident-Nr.: DE327948325<\/p>\n<p class=\"bodytext\">PhG: Endocor Verwaltungs GmbH<\/p>\n<p class=\"bodytext\">HRB-Nr.: 158373 <\/p>\n<p class=\"bodytext\">\n<p class=\"bodytext\">Haftungsausschluss<\/p>\n<p class=\"bodytext\">Haftung f\u00fcr Inhalte<\/p>\n<p class=\"bodytext\">Gem\u00e4\u00df \u00a7 7 Abs.1 Als Diensteanbieter sind wir gem\u00e4\u00df TMG (Telemediengesetz) f\u00fcr eigene Inhalte auf diesen Seiten nach den allgemeinen Gesetzen verantwortlich. Nach \u00a7\u00a7 8 bis 10 TMG sind wir als Diensteanbieter jedoch nicht verpflichtet, \u00fcbermittelte oder gespeicherte fremde Informationen zu \u00fcberwachen oder nach Umst\u00e4nden zu forschen, die auf eine rechtswidrige T\u00e4tigkeit hinweisen. Verpflichtungen zur Entfernung oder Sperrung der Nutzung von Informationen nach den allgemeinen Gesetzen bleiben hiervon unber\u00fchrt. Eine diesbez\u00fcgliche Haftung ist jedoch erst ab dem Zeitpunkt der Kenntnis einer konkreten Rechtsverletzung m\u00f6glich. Bei Bekanntwerden von entsprechenden Rechtsverletzungen werden wir diese Inhalte umgehend entfernen.<\/p>\n<p class=\"bodytext\">Haftung f\u00fcr Links<\/p>\n<p class=\"bodytext\">Unser Angebot enth\u00e4lt Links zu externen Webseiten Dritter, auf deren Inhalte wir keinen Einfluss haben. Deshalb k\u00f6nnen wir f\u00fcr diese fremden Inhalte auch keine Gew\u00e4hr \u00fcbernehmen. F\u00fcr die Inhalte der verlinkten Seiten ist stets der jeweilige Anbieter oder Betreiber der Seiten verantwortlich. Die verlinkten Seiten wurden zum Zeitpunkt der Verlinkung auf m\u00f6gliche Rechtsverst\u00f6\u00dfe \u00fcberpr\u00fcft. Rechtswidrige Inhalte waren zum Zeitpunkt der Verlinkung nicht erkennbar. Eine st\u00e4ndige inhaltliche Kontrolle der verlinkten Seiten ist uns jedoch ohne konkrete Anhaltspunkte einer Rechtsverletzung nicht zumutbar. Bei Bekanntwerden von Rechtsverletzungen werden wir derartige Links umgehend entfernen.<\/p>\n<p class=\"bodytext\">Copyright<\/p>\n<p class=\"bodytext\">Die durch die Seitenbetreiber erstellten Inhalte und Werke auf diesen Seiten unterliegen dem deutschen Urheberrecht. Die Vervielf\u00e4ltigung, Bearbeitung, Verbreitung und jede Art der Verwertung au\u00dferhalb der Grenzen des geltenden Urheberrechtsgesetzes ist nur mit schriftlicher Genehmigung des jeweiligen Autors bzw. Erstellers m\u00f6glich. Downloads und Kopien dieser Seite d\u00fcrfen nur f\u00fcr den privaten, nicht jedoch f\u00fcr den kommerziellen Gebrauch verwendet werden. Soweit die Inhalte auf dieser Website nicht vom Eigent\u00fcmer erstellt wurden, werden alle Urheberrechte Dritter beachtet. Insbesondere werden Inhalte Dritter als solche gekennzeichnet. Sollten Sie dennoch auf eine Urheberrechtsverletzung aufmerksam werden, bitten wir um einen entsprechenden Hinweis. Bei Bekanntwerden von Rechtsverletzungen werden wir derartige Inhalte umgehend entfernen.<\/p>\n\t\t\t\t\t\t\t\t<\/div>\n\t\t\t\t<\/div>\n\t\t\t\t\t<\/div>\n\t\t<\/div>\n\t\t\t\t\t<\/div>\n\t\t<\/section>\n\t\t\t\t<\/div>\n\t\t","protected":false},"excerpt":{"rendered":"<p>ENDOCOR GMBH &amp; CO. KGSteinburgstra\u00dfe 17D-25348 Gl\u00fcckstadtDeutschland Tel: + 49 4124 9395313Fax: + 49 4124 9395312E-mail: info(at)endocor.comWebsite: www.endocor.com Gesch\u00e4ftsf\u00fchrer: Mr. Eyad Shanti Sitz der Gesellschaft: Gl\u00fcckstadt, Amtsgericht Pinneberg HRA-Nr.: 8654&hellip;<\/p>\n","protected":false},"author":1,"featured_media":0,"parent":0,"menu_order":0,"comment_status":"closed","ping_status":"closed","template":"","meta":{"footnotes":""},"class_list":["post-28381","page","type-page","status-publish","hentry"],"yoast_head":"<!-- This site is optimized with the Yoast SEO plugin v27.4 - https:\/\/yoast.com\/product\/yoast-seo-wordpress\/ -->\n<title>Impressum - ENDOCOR<\/title>\n<meta name=\"robots\" content=\"noindex, nofollow\" \/>\n<meta property=\"og:locale\" content=\"de_DE\" \/>\n<meta property=\"og:type\" content=\"article\" \/>\n<meta property=\"og:title\" content=\"Impressum - ENDOCOR\" \/>\n<meta property=\"og:description\" content=\"ENDOCOR GMBH &amp; CO. KGSteinburgstra\u00dfe 17D-25348 Gl\u00fcckstadtDeutschland Tel: + 49 4124 9395313Fax: + 49 4124 9395312E-mail: info(at)endocor.comWebsite: www.endocor.com Gesch\u00e4ftsf\u00fchrer: Mr. Eyad Shanti Sitz der Gesellschaft: Gl\u00fcckstadt, Amtsgericht Pinneberg HRA-Nr.: 8654&hellip;\" \/>\n<meta property=\"og:url\" content=\"https:\/\/endocor.com\/de\/impressum\/\" \/>\n<meta property=\"og:site_name\" content=\"ENDOCOR\" \/>\n<meta property=\"article:modified_time\" content=\"2024-08-11T06:12:53+00:00\" \/>\n<meta name=\"twitter:card\" content=\"summary_large_image\" \/>\n<meta name=\"twitter:label1\" content=\"Gesch\u00e4tzte Lesezeit\" \/>\n\t<meta name=\"twitter:data1\" content=\"2\u00a0Minuten\" \/>\n<script type=\"application\/ld+json\" class=\"yoast-schema-graph\">{\"@context\":\"https:\\\/\\\/schema.org\",\"@graph\":[{\"@type\":\"WebPage\",\"@id\":\"https:\\\/\\\/endocor.com\\\/de\\\/impressum\\\/\",\"url\":\"https:\\\/\\\/endocor.com\\\/de\\\/impressum\\\/\",\"name\":\"Impressum - ENDOCOR\",\"isPartOf\":{\"@id\":\"https:\\\/\\\/endocor.com\\\/de\\\/#website\"},\"datePublished\":\"2022-12-10T00:29:51+00:00\",\"dateModified\":\"2024-08-11T06:12:53+00:00\",\"breadcrumb\":{\"@id\":\"https:\\\/\\\/endocor.com\\\/de\\\/impressum\\\/#breadcrumb\"},\"inLanguage\":\"de\",\"potentialAction\":[{\"@type\":\"ReadAction\",\"target\":[\"https:\\\/\\\/endocor.com\\\/de\\\/impressum\\\/\"]}]},{\"@type\":\"BreadcrumbList\",\"@id\":\"https:\\\/\\\/endocor.com\\\/de\\\/impressum\\\/#breadcrumb\",\"itemListElement\":[{\"@type\":\"ListItem\",\"position\":1,\"name\":\"Home\",\"item\":\"https:\\\/\\\/endocor.com\\\/de\\\/\"},{\"@type\":\"ListItem\",\"position\":2,\"name\":\"Impressum\"}]},{\"@type\":\"WebSite\",\"@id\":\"https:\\\/\\\/endocor.com\\\/de\\\/#website\",\"url\":\"https:\\\/\\\/endocor.com\\\/de\\\/\",\"name\":\"ENDOCOR - Pioneering Innovation for LifeTM\",\"description\":\"Pioneering Innovation for Life\",\"publisher\":{\"@id\":\"https:\\\/\\\/endocor.com\\\/de\\\/#organization\"},\"potentialAction\":[{\"@type\":\"SearchAction\",\"target\":{\"@type\":\"EntryPoint\",\"urlTemplate\":\"https:\\\/\\\/endocor.com\\\/de\\\/?s={search_term_string}\"},\"query-input\":{\"@type\":\"PropertyValueSpecification\",\"valueRequired\":true,\"valueName\":\"search_term_string\"}}],\"inLanguage\":\"de\"},{\"@type\":\"Organization\",\"@id\":\"https:\\\/\\\/endocor.com\\\/de\\\/#organization\",\"name\":\"ENDOCOR GmbH & CO. KG\",\"url\":\"https:\\\/\\\/endocor.com\\\/de\\\/\",\"logo\":{\"@type\":\"ImageObject\",\"inLanguage\":\"de\",\"@id\":\"https:\\\/\\\/endocor.com\\\/de\\\/#\\\/schema\\\/logo\\\/image\\\/\",\"url\":\"https:\\\/\\\/endocor.com\\\/wp-content\\\/uploads\\\/2022\\\/12\\\/cropped-cropped-endocor_logo_transparent_3-big.png\",\"contentUrl\":\"https:\\\/\\\/endocor.com\\\/wp-content\\\/uploads\\\/2022\\\/12\\\/cropped-cropped-endocor_logo_transparent_3-big.png\",\"width\":280,\"height\":66,\"caption\":\"ENDOCOR GmbH & CO. KG\"},\"image\":{\"@id\":\"https:\\\/\\\/endocor.com\\\/de\\\/#\\\/schema\\\/logo\\\/image\\\/\"}}]}<\/script>\n<!-- \/ Yoast SEO plugin. -->","yoast_head_json":{"title":"Impressum - ENDOCOR","robots":{"index":"noindex","follow":"nofollow"},"og_locale":"de_DE","og_type":"article","og_title":"Impressum - ENDOCOR","og_description":"ENDOCOR GMBH &amp; CO. KGSteinburgstra\u00dfe 17D-25348 Gl\u00fcckstadtDeutschland Tel: + 49 4124 9395313Fax: + 49 4124 9395312E-mail: info(at)endocor.comWebsite: www.endocor.com Gesch\u00e4ftsf\u00fchrer: Mr. Eyad Shanti Sitz der Gesellschaft: Gl\u00fcckstadt, Amtsgericht Pinneberg HRA-Nr.: 8654&hellip;","og_url":"https:\/\/endocor.com\/de\/impressum\/","og_site_name":"ENDOCOR","article_modified_time":"2024-08-11T06:12:53+00:00","twitter_card":"summary_large_image","twitter_misc":{"Gesch\u00e4tzte Lesezeit":"2\u00a0Minuten"},"schema":{"@context":"https:\/\/schema.org","@graph":[{"@type":"WebPage","@id":"https:\/\/endocor.com\/de\/impressum\/","url":"https:\/\/endocor.com\/de\/impressum\/","name":"Impressum - ENDOCOR","isPartOf":{"@id":"https:\/\/endocor.com\/de\/#website"},"datePublished":"2022-12-10T00:29:51+00:00","dateModified":"2024-08-11T06:12:53+00:00","breadcrumb":{"@id":"https:\/\/endocor.com\/de\/impressum\/#breadcrumb"},"inLanguage":"de","potentialAction":[{"@type":"ReadAction","target":["https:\/\/endocor.com\/de\/impressum\/"]}]},{"@type":"BreadcrumbList","@id":"https:\/\/endocor.com\/de\/impressum\/#breadcrumb","itemListElement":[{"@type":"ListItem","position":1,"name":"Home","item":"https:\/\/endocor.com\/de\/"},{"@type":"ListItem","position":2,"name":"Impressum"}]},{"@type":"WebSite","@id":"https:\/\/endocor.com\/de\/#website","url":"https:\/\/endocor.com\/de\/","name":"ENDOCOR - Pioneering Innovation for LifeTM","description":"Pioneering Innovation for Life","publisher":{"@id":"https:\/\/endocor.com\/de\/#organization"},"potentialAction":[{"@type":"SearchAction","target":{"@type":"EntryPoint","urlTemplate":"https:\/\/endocor.com\/de\/?s={search_term_string}"},"query-input":{"@type":"PropertyValueSpecification","valueRequired":true,"valueName":"search_term_string"}}],"inLanguage":"de"},{"@type":"Organization","@id":"https:\/\/endocor.com\/de\/#organization","name":"ENDOCOR GmbH & CO. KG","url":"https:\/\/endocor.com\/de\/","logo":{"@type":"ImageObject","inLanguage":"de","@id":"https:\/\/endocor.com\/de\/#\/schema\/logo\/image\/","url":"https:\/\/endocor.com\/wp-content\/uploads\/2022\/12\/cropped-cropped-endocor_logo_transparent_3-big.png","contentUrl":"https:\/\/endocor.com\/wp-content\/uploads\/2022\/12\/cropped-cropped-endocor_logo_transparent_3-big.png","width":280,"height":66,"caption":"ENDOCOR GmbH & CO. KG"},"image":{"@id":"https:\/\/endocor.com\/de\/#\/schema\/logo\/image\/"}}]}},"_links":{"self":[{"href":"https:\/\/endocor.com\/de\/wp-json\/wp\/v2\/pages\/28381","targetHints":{"allow":["GET"]}}],"collection":[{"href":"https:\/\/endocor.com\/de\/wp-json\/wp\/v2\/pages"}],"about":[{"href":"https:\/\/endocor.com\/de\/wp-json\/wp\/v2\/types\/page"}],"author":[{"embeddable":true,"href":"https:\/\/endocor.com\/de\/wp-json\/wp\/v2\/users\/1"}],"replies":[{"embeddable":true,"href":"https:\/\/endocor.com\/de\/wp-json\/wp\/v2\/comments?post=28381"}],"version-history":[{"count":0,"href":"https:\/\/endocor.com\/de\/wp-json\/wp\/v2\/pages\/28381\/revisions"}],"wp:attachment":[{"href":"https:\/\/endocor.com\/de\/wp-json\/wp\/v2\/media?parent=28381"}],"curies":[{"name":"wp","href":"https:\/\/api.w.org\/{rel}","templated":true}]}}