{"id":28360,"date":"2020-04-30T10:32:31","date_gmt":"2020-04-30T10:32:31","guid":{"rendered":"https:\/\/endocor.com\/kontakt\/"},"modified":"2023-02-27T21:41:54","modified_gmt":"2023-02-27T21:41:54","slug":"kontakt","status":"publish","type":"page","link":"https:\/\/endocor.com\/de\/kontakt\/","title":{"rendered":"Kontakt"},"content":{"rendered":"\t\t<div data-elementor-type=\"wp-page\" data-elementor-id=\"28360\" class=\"elementor elementor-28360 elementor-1440\">\n\t\t\t\t\t\t<section class=\"elementor-section elementor-top-section elementor-element elementor-element-45a52b55 scheme_default elementor-section-boxed elementor-section-height-default elementor-section-height-default sc_fly_static\" data-id=\"45a52b55\" data-element_type=\"section\" data-e-type=\"section\" data-settings=\"{&quot;background_background&quot;:&quot;classic&quot;}\">\n\t\t\t\t\t\t<div class=\"elementor-container elementor-column-gap-extended\">\n\t\t\t\t\t<div class=\"elementor-column elementor-col-100 elementor-top-column elementor-element elementor-element-53b71b04 sc_content_align_inherit sc_layouts_column_icons_position_left sc_fly_static\" data-id=\"53b71b04\" data-element_type=\"column\" data-e-type=\"column\">\n\t\t\t<div class=\"elementor-widget-wrap elementor-element-populated\">\n\t\t\t\t\t\t<div class=\"elementor-element elementor-element-57f6643b sc_height_huge sc_fly_static elementor-widget elementor-widget-spacer\" data-id=\"57f6643b\" data-element_type=\"widget\" data-e-type=\"widget\" data-widget_type=\"spacer.default\">\n\t\t\t\t<div class=\"elementor-widget-container\">\n\t\t\t\t\t\t\t<div class=\"elementor-spacer\">\n\t\t\t<div class=\"elementor-spacer-inner\"><\/div>\n\t\t<\/div>\n\t\t\t\t\t\t<\/div>\n\t\t\t\t<\/div>\n\t\t\t\t<section class=\"elementor-section elementor-inner-section elementor-element elementor-element-1c612565 elementor-section-boxed elementor-section-height-default elementor-section-height-default sc_fly_static\" data-id=\"1c612565\" data-element_type=\"section\" data-e-type=\"section\">\n\t\t\t\t\t\t<div class=\"elementor-container elementor-column-gap-no\">\n\t\t\t\t\t<div class=\"elementor-column elementor-col-100 elementor-inner-column elementor-element elementor-element-4b20cb2e sc_content_align_inherit sc_layouts_column_icons_position_left sc_fly_static\" data-id=\"4b20cb2e\" data-element_type=\"column\" data-e-type=\"column\">\n\t\t\t<div class=\"elementor-widget-wrap elementor-element-populated\">\n\t\t\t\t\t\t<div class=\"elementor-element elementor-element-50ab4a2d sc_fly_static elementor-widget elementor-widget-trx_sc_icons\" data-id=\"50ab4a2d\" data-element_type=\"widget\" data-e-type=\"widget\" data-widget_type=\"trx_sc_icons.default\">\n\t\t\t\t<div class=\"elementor-widget-container\">\n\t\t\t\t\t<div \tclass=\"sc_icons sc_icons_plain sc_icons_size_small sc_align_center\" ><div class=\"sc_icons_columns_wrap sc_item_columns trx_addons_columns_wrap columns_padding_bottom columns_in_single_row\" ><div class=\"trx_addons_column-1_3\"><div class=\"sc_icons_item\"><div class=\"sc_icons_icon sc_icon_type_ icon-open-hours\" style=\"color: #626262\" ><span class=\"sc_icon_type_ icon-open-hours\" style=\"color: #626262\"><\/span><\/div><div class=\"sc_icons_item_details\"><h4 class=\"sc_icons_item_title\"><span>\u00d6ffnungszeiten<\/span><\/h4><div class=\"sc_icons_item_description\"><span>Mo-Fr: 8:30 Uhr - 16:30 Uhr<\/span><span>Samstag: geschlossen<\/span><span>Sonntag: geschlossen<\/span><\/div><\/div><\/div><\/div><div class=\"trx_addons_column-1_3\"><div class=\"sc_icons_item sc_icons_item_linked\"><div class=\"sc_icons_icon sc_icon_type_ icon-adress\" style=\"color: #626262\" ><span class=\"sc_icon_type_ icon-adress\" style=\"color: #626262\"><\/span><\/div><div class=\"sc_icons_item_details\"><h4 class=\"sc_icons_item_title\"><a href=\"#go-to-map\">\r\n                                    Adresse                                    <\/a><\/h4><div class=\"sc_icons_item_description\"><span>Steinburgstra\u00dfe 17<\/span><span>25348 Gl\u00fcckstadt<\/span><span>Deutschland<\/span><\/div><a href=\"#go-to-map\"\r\n                        class=\"sc_icons_item_link\">\r\n                        <\/a><\/div><\/div><\/div><div class=\"trx_addons_column-1_3\"><div class=\"sc_icons_item sc_icons_item_linked with_more\"><div class=\"sc_icons_icon sc_icon_type_ icon-get-in-touch\" style=\"color: #626262\" ><span class=\"sc_icon_type_ icon-get-in-touch\" style=\"color: #626262\"><\/span><\/div><div class=\"sc_icons_item_details\"><h4 class=\"sc_icons_item_title\"><a href=\"#go-to-map\">\r\n                                    Kontakt                                    <\/a><\/h4><div class=\"sc_icons_item_description\"><span>Telefon: <a href=\"tel:+%2049%204124%209395313\">+4941249395313<\/a><\/span><span>Email: <a href=\"mailto:info@endocor.com\">info@endocor.com<\/a><\/span><\/div><a href=\"#go-to-map\" class=\"sc_icons_item_more_link\">\r\n                        <span class=\"link_text\">Contact Form<\/span><span class=\"link_icon\"><\/span>\r\n                        <\/a><a href=\"#go-to-map\"\r\n                        class=\"sc_icons_item_link\">\r\n                        <\/a><\/div><\/div><\/div><\/div><\/div><!-- \/.sc_icons -->\t\t\t\t<\/div>\n\t\t\t\t<\/div>\n\t\t\t\t\t<\/div>\n\t\t<\/div>\n\t\t\t\t\t<\/div>\n\t\t<\/section>\n\t\t\t\t<div class=\"elementor-element elementor-element-37d3c5be sc_height_huge sc_fly_static elementor-widget elementor-widget-spacer\" data-id=\"37d3c5be\" data-element_type=\"widget\" data-e-type=\"widget\" data-widget_type=\"spacer.default\">\n\t\t\t\t<div class=\"elementor-widget-container\">\n\t\t\t\t\t\t\t<div class=\"elementor-spacer\">\n\t\t\t<div class=\"elementor-spacer-inner\"><\/div>\n\t\t<\/div>\n\t\t\t\t\t\t<\/div>\n\t\t\t\t<\/div>\n\t\t\t\t\t<\/div>\n\t\t<\/div>\n\t\t\t\t\t<\/div>\n\t\t<\/section>\n\t\t\t\t<section class=\"elementor-section elementor-top-section elementor-element elementor-element-24fb9dd9 elementor-section-full_width elementor-section-content-middle scheme_default elementor-section-height-default elementor-section-height-default sc_fly_static\" data-id=\"24fb9dd9\" data-element_type=\"section\" data-e-type=\"section\" id=\"go-to-map\" data-settings=\"{&quot;background_background&quot;:&quot;classic&quot;}\">\n\t\t\t\t\t\t<div class=\"elementor-container elementor-column-gap-no\">\n\t\t\t\t\t<div class=\"elementor-column elementor-col-50 elementor-top-column elementor-element elementor-element-1766df8c sc_content_align_inherit sc_layouts_column_icons_position_left sc_fly_static\" data-id=\"1766df8c\" data-element_type=\"column\" data-e-type=\"column\">\n\t\t\t<div class=\"elementor-widget-wrap elementor-element-populated\">\n\t\t\t\t\t\t<div class=\"elementor-element elementor-element-deea015 sc_fly_static elementor-widget elementor-widget-image\" data-id=\"deea015\" data-element_type=\"widget\" data-e-type=\"widget\" data-widget_type=\"image.default\">\n\t\t\t\t<div class=\"elementor-widget-container\">\n\t\t\t\t\t\t\t\t\t\t\t\t\t\t\t<img fetchpriority=\"high\" decoding=\"async\" width=\"1920\" height=\"1280\" src=\"https:\/\/endocor.com\/wp-content\/uploads\/2022\/12\/julian-hochgesang-psGV5KhidlY-unsplash3.jpg\" class=\"attachment-full size-full wp-image-28273\" alt=\"\" srcset=\"https:\/\/endocor.com\/wp-content\/uploads\/2022\/12\/julian-hochgesang-psGV5KhidlY-unsplash3.jpg 1920w, https:\/\/endocor.com\/wp-content\/uploads\/2022\/12\/julian-hochgesang-psGV5KhidlY-unsplash3-300x200.jpg 300w, https:\/\/endocor.com\/wp-content\/uploads\/2022\/12\/julian-hochgesang-psGV5KhidlY-unsplash3-1024x683.jpg 1024w, https:\/\/endocor.com\/wp-content\/uploads\/2022\/12\/julian-hochgesang-psGV5KhidlY-unsplash3-768x512.jpg 768w, https:\/\/endocor.com\/wp-content\/uploads\/2022\/12\/julian-hochgesang-psGV5KhidlY-unsplash3-1536x1024.jpg 1536w, https:\/\/endocor.com\/wp-content\/uploads\/2022\/12\/julian-hochgesang-psGV5KhidlY-unsplash3-370x247.jpg 370w, https:\/\/endocor.com\/wp-content\/uploads\/2022\/12\/julian-hochgesang-psGV5KhidlY-unsplash3-840x560.jpg 840w, https:\/\/endocor.com\/wp-content\/uploads\/2022\/12\/julian-hochgesang-psGV5KhidlY-unsplash3-410x273.jpg 410w\" sizes=\"(max-width: 1920px) 100vw, 1920px\" \/>\t\t\t\t\t\t\t\t\t\t\t\t\t\t\t<\/div>\n\t\t\t\t<\/div>\n\t\t\t\t\t<\/div>\n\t\t<\/div>\n\t\t\t\t<div class=\"elementor-column elementor-col-50 elementor-top-column elementor-element elementor-element-19b59db9 sc_content_align_inherit sc_layouts_column_icons_position_left sc_fly_static\" data-id=\"19b59db9\" data-element_type=\"column\" data-e-type=\"column\">\n\t\t\t<div class=\"elementor-widget-wrap elementor-element-populated\">\n\t\t\t\t\t\t<div class=\"elementor-element elementor-element-465a38e0 sc_height_huge sc_layouts_hide_on_wide sc_layouts_hide_on_desktop sc_fly_static elementor-widget elementor-widget-spacer\" data-id=\"465a38e0\" data-element_type=\"widget\" data-e-type=\"widget\" data-widget_type=\"spacer.default\">\n\t\t\t\t<div class=\"elementor-widget-container\">\n\t\t\t\t\t\t\t<div class=\"elementor-spacer\">\n\t\t\t<div class=\"elementor-spacer-inner\"><\/div>\n\t\t<\/div>\n\t\t\t\t\t\t<\/div>\n\t\t\t\t<\/div>\n\t\t\t\t<div class=\"elementor-element elementor-element-f7a5d88 sc_height_medium sc_layouts_hide_on_notebook sc_layouts_hide_on_tablet sc_layouts_hide_on_mobile sc_fly_static elementor-widget elementor-widget-spacer\" data-id=\"f7a5d88\" data-element_type=\"widget\" data-e-type=\"widget\" data-widget_type=\"spacer.default\">\n\t\t\t\t<div class=\"elementor-widget-container\">\n\t\t\t\t\t\t\t<div class=\"elementor-spacer\">\n\t\t\t<div class=\"elementor-spacer-inner\"><\/div>\n\t\t<\/div>\n\t\t\t\t\t\t<\/div>\n\t\t\t\t<\/div>\n\t\t\t\t<div class=\"elementor-element elementor-element-60d19c8f sc_fly_static elementor-widget elementor-widget-trx_sc_title\" data-id=\"60d19c8f\" data-element_type=\"widget\" data-e-type=\"widget\" data-widget_type=\"trx_sc_title.default\">\n\t\t\t\t<div class=\"elementor-widget-container\">\n\t\t\t\t\t<div\t\tclass=\"sc_title sc_title_default\" ><span class=\"sc_item_subtitle sc_title_subtitle sc_item_subtitle_above sc_item_title_style_default\">Kontakt<\/span><h1 class=\"sc_item_title sc_title_title sc_item_title_style_default sc_item_title_tag\"\n\t\t\t><span class=\"sc_item_title_text\">Sie haben Fragen? <br>Jetzt Kontakt aufnehmen!<\/span><\/h1><\/div>\t\t\t\t<\/div>\n\t\t\t\t<\/div>\n\t\t\t\t<div class=\"elementor-element elementor-element-58b28590 sc_fly_static elementor-widget elementor-widget-spacer\" data-id=\"58b28590\" data-element_type=\"widget\" data-e-type=\"widget\" data-widget_type=\"spacer.default\">\n\t\t\t\t<div class=\"elementor-widget-container\">\n\t\t\t\t\t\t\t<div class=\"elementor-spacer\">\n\t\t\t<div class=\"elementor-spacer-inner\"><\/div>\n\t\t<\/div>\n\t\t\t\t\t\t<\/div>\n\t\t\t\t<\/div>\n\t\t\t\t<div class=\"elementor-element elementor-element-609e5d7a sc_fly_static elementor-widget elementor-widget-trx_sc_contact_form_7\" data-id=\"609e5d7a\" data-element_type=\"widget\" data-e-type=\"widget\" data-widget_type=\"trx_sc_contact_form_7.default\">\n\t\t\t\t<div class=\"elementor-widget-container\">\n\t\t\t\t\t\n<div class=\"wpcf7 no-js\" id=\"wpcf7-f28434-o1\" lang=\"de-DE\" dir=\"ltr\" data-wpcf7-id=\"28434\">\n<div class=\"screen-reader-response\"><p role=\"status\" aria-live=\"polite\" aria-atomic=\"true\"><\/p> <ul><\/ul><\/div>\n<form action=\"\/de\/wp-json\/wp\/v2\/pages\/28360#wpcf7-f28434-o1\" method=\"post\" class=\"wpcf7-form init\" aria-label=\"Kontaktformular\" novalidate=\"novalidate\" data-status=\"init\">\n<fieldset class=\"hidden-fields-container\"><input type=\"hidden\" name=\"_wpcf7\" value=\"28434\" \/><input type=\"hidden\" name=\"_wpcf7_version\" value=\"6.1.5\" \/><input type=\"hidden\" name=\"_wpcf7_locale\" value=\"de_DE\" \/><input type=\"hidden\" name=\"_wpcf7_unit_tag\" value=\"wpcf7-f28434-o1\" \/><input type=\"hidden\" name=\"_wpcf7_container_post\" value=\"0\" \/><input type=\"hidden\" name=\"_wpcf7_posted_data_hash\" value=\"\" \/>\n<\/fieldset>\n<div class=\"form-style-2\">\n\t<div class=\"columns_wrap\">\n\t\t<div class=\"column-1_2\">\n\t\t\t<p><span class=\"style-line\"><span class=\"wpcf7-form-control-wrap\" data-name=\"your-name\"><input size=\"40\" maxlength=\"400\" class=\"wpcf7-form-control wpcf7-text wpcf7-validates-as-required\" aria-required=\"true\" aria-invalid=\"false\" value=\"Name\" type=\"text\" name=\"your-name\" \/><\/span><\/span>\n\t\t\t<\/p>\n\t\t<\/div>\n\t\t<div class=\"column-1_2\">\n\t\t\t<p><span class=\"style-line\"><span class=\"wpcf7-form-control-wrap\" data-name=\"your-last-name\"><input size=\"40\" maxlength=\"400\" class=\"wpcf7-form-control wpcf7-text wpcf7-validates-as-required\" aria-required=\"true\" aria-invalid=\"false\" value=\"Nachname\" type=\"text\" name=\"your-last-name\" \/><\/span><\/span>\n\t\t\t<\/p>\n\t\t<\/div>\n\t<\/div>\n\t<div class=\"columns_wrap\">\n\t\t<div class=\"column-1_2\">\n\t\t\t<p><span class=\"style-line\"><span class=\"wpcf7-form-control-wrap\" data-name=\"your-email\"><input size=\"40\" maxlength=\"400\" class=\"wpcf7-form-control wpcf7-email wpcf7-validates-as-required wpcf7-text wpcf7-validates-as-email\" aria-required=\"true\" aria-invalid=\"false\" value=\"Email\" type=\"email\" name=\"your-email\" \/><\/span><\/span>\n\t\t\t<\/p>\n\t\t<\/div>\n\t\t<div class=\"column-1_2\">\n\t\t\t<p><span class=\"style-line\"><span class=\"wpcf7-form-control-wrap\" data-name=\"phone\"><input size=\"40\" maxlength=\"400\" class=\"wpcf7-form-control wpcf7-tel wpcf7-validates-as-required wpcf7-text wpcf7-validates-as-tel\" aria-required=\"true\" aria-invalid=\"false\" value=\"Telefon\" type=\"tel\" name=\"phone\" \/><\/span><\/span>\n\t\t\t<\/p>\n\t\t<\/div>\n\t<\/div>\n\t<div class=\"columns_wrap\">\n\t\t<div class=\"column-1_2\">\n\t\t\t<p><span class=\"style-line\"><span class=\"wpcf7-form-control-wrap\" data-name=\"company-name\"><input size=\"40\" maxlength=\"400\" class=\"wpcf7-form-control wpcf7-text wpcf7-validates-as-required\" aria-required=\"true\" aria-invalid=\"false\" value=\"Firmenname\" type=\"text\" name=\"company-name\" \/><\/span><\/span>\n\t\t\t<\/p>\n\t\t<\/div>\n\t<\/div>\n\t<div class=\"columns_wrap margin-bottom\">\n\t\t<div class=\"column-1_1\">\n\t\t\t<p><span class=\"style-line\"><span class=\"wpcf7-form-control-wrap\" data-name=\"your-message\"><textarea cols=\"40\" rows=\"10\" maxlength=\"2000\" class=\"wpcf7-form-control wpcf7-textarea wpcf7-validates-as-required\" aria-required=\"true\" aria-invalid=\"false\" name=\"your-message\">Nachricht<\/textarea><\/span><\/span>\n\t\t\t<\/p>\n\t\t<\/div>\n\t<\/div>\n\t<p><span class=\"wpcf7-form-control-wrap\" data-name=\"acceptance-931\"><span class=\"wpcf7-form-control wpcf7-acceptance optional\"><span class=\"wpcf7-list-item\"><label><input type=\"checkbox\" name=\"acceptance-931\" value=\"1\" aria-invalid=\"false\" \/><span class=\"wpcf7-list-item-label\">Ich habe die <a href=\"https:\/\/endocor.com\/privacy-statement\/\">Datenschutzerkl\u00e4rung<\/a> gelesen und akzeptiere diese.<\/span><\/label><\/span><\/span><\/span>\n\t<\/p>\n\t<p><input class=\"wpcf7-form-control wpcf7-submit has-spinner\" type=\"submit\" value=\"Get In Touch\" \/>\n\t<\/p>\n<\/div><div class=\"wpcf7-response-output\" aria-hidden=\"true\"><\/div>\n<\/form>\n<\/div>\n\t\t\t\t<\/div>\n\t\t\t\t<\/div>\n\t\t\t\t<div class=\"elementor-element elementor-element-68143c4 sc_height_medium sc_layouts_hide_on_notebook sc_layouts_hide_on_tablet sc_layouts_hide_on_mobile sc_fly_static elementor-widget elementor-widget-spacer\" data-id=\"68143c4\" data-element_type=\"widget\" data-e-type=\"widget\" data-widget_type=\"spacer.default\">\n\t\t\t\t<div class=\"elementor-widget-container\">\n\t\t\t\t\t\t\t<div class=\"elementor-spacer\">\n\t\t\t<div class=\"elementor-spacer-inner\"><\/div>\n\t\t<\/div>\n\t\t\t\t\t\t<\/div>\n\t\t\t\t<\/div>\n\t\t\t\t<div class=\"elementor-element elementor-element-56fe79d6 sc_height_huge sc_layouts_hide_on_wide sc_layouts_hide_on_desktop sc_fly_static elementor-widget elementor-widget-spacer\" data-id=\"56fe79d6\" data-element_type=\"widget\" data-e-type=\"widget\" data-widget_type=\"spacer.default\">\n\t\t\t\t<div class=\"elementor-widget-container\">\n\t\t\t\t\t\t\t<div class=\"elementor-spacer\">\n\t\t\t<div class=\"elementor-spacer-inner\"><\/div>\n\t\t<\/div>\n\t\t\t\t\t\t<\/div>\n\t\t\t\t<\/div>\n\t\t\t\t\t<\/div>\n\t\t<\/div>\n\t\t\t\t\t<\/div>\n\t\t<\/section>\n\t\t\t\t<section class=\"elementor-section elementor-top-section elementor-element elementor-element-bd9c10a sc_layouts_hide_on_wide sc_layouts_hide_on_desktop sc_layouts_hide_on_notebook sc_layouts_hide_on_tablet sc_layouts_hide_on_mobile elementor-section-boxed elementor-section-height-default elementor-section-height-default sc_fly_static\" data-id=\"bd9c10a\" data-element_type=\"section\" data-e-type=\"section\">\n\t\t\t\t\t\t<div class=\"elementor-container elementor-column-gap-extended\">\n\t\t\t\t\t<div class=\"elementor-column elementor-col-100 elementor-top-column elementor-element elementor-element-1d32ce2 sc_content_align_inherit sc_layouts_column_icons_position_left sc_fly_static\" data-id=\"1d32ce2\" data-element_type=\"column\" data-e-type=\"column\">\n\t\t\t<div class=\"elementor-widget-wrap elementor-element-populated\">\n\t\t\t\t\t\t<div class=\"elementor-element elementor-element-7a2843b sc_height_huge sc_fly_static elementor-widget elementor-widget-spacer\" data-id=\"7a2843b\" data-element_type=\"widget\" data-e-type=\"widget\" data-widget_type=\"spacer.default\">\n\t\t\t\t<div class=\"elementor-widget-container\">\n\t\t\t\t\t\t\t<div class=\"elementor-spacer\">\n\t\t\t<div class=\"elementor-spacer-inner\"><\/div>\n\t\t<\/div>\n\t\t\t\t\t\t<\/div>\n\t\t\t\t<\/div>\n\t\t\t\t\t<\/div>\n\t\t<\/div>\n\t\t\t\t\t<\/div>\n\t\t<\/section>\n\t\t\t\t<\/div>\n\t\t","protected":false},"excerpt":{"rendered":"<p>\u00d6ffnungszeiten Mo-Fr: 8:30 Uhr &#8211; 16:30 UhrSamstag: geschlossenSonntag: geschlossen Adresse Steinburgstra\u00dfe 1725348 Gl\u00fcckstadtDeutschland Kontakt Telefon: +4941249395313Email: info@endocor.com Contact Form Kontakt Sie haben Fragen? Jetzt Kontakt aufnehmen! I have read and&hellip;<\/p>\n","protected":false},"author":1,"featured_media":0,"parent":0,"menu_order":0,"comment_status":"closed","ping_status":"closed","template":"","meta":{"footnotes":""},"class_list":["post-28360","page","type-page","status-publish","hentry"],"yoast_head":"<!-- This site is optimized with the Yoast SEO plugin v27.3 - https:\/\/yoast.com\/product\/yoast-seo-wordpress\/ -->\n<title>Kontakt - ENDOCOR<\/title>\n<meta name=\"description\" content=\"Sie haben Fragen? Jetzt Kontakt aufnehmen! \u00d6ffnungszeiten: Mo-Fr: 8:30 Uhr - 16:30 Uhr Samstag geschlossen Sonntag: geschlossen.\" \/>\n<meta name=\"robots\" content=\"index, follow, max-snippet:-1, max-image-preview:large, max-video-preview:-1\" \/>\n<link rel=\"canonical\" href=\"https:\/\/endocor.com\/de\/kontakt\/\" \/>\n<meta property=\"og:locale\" content=\"de_DE\" \/>\n<meta property=\"og:type\" content=\"article\" \/>\n<meta property=\"og:title\" content=\"Kontakt - ENDOCOR\" \/>\n<meta property=\"og:description\" content=\"Sie haben Fragen? Jetzt Kontakt aufnehmen! \u00d6ffnungszeiten: Mo-Fr: 8:30 Uhr - 16:30 Uhr Samstag geschlossen Sonntag: geschlossen.\" \/>\n<meta property=\"og:url\" content=\"https:\/\/endocor.com\/de\/kontakt\/\" \/>\n<meta property=\"og:site_name\" content=\"ENDOCOR\" \/>\n<meta property=\"article:modified_time\" content=\"2023-02-27T21:41:54+00:00\" \/>\n<meta property=\"og:image\" content=\"https:\/\/endocor.com\/wp-content\/uploads\/2022\/12\/julian-hochgesang-psGV5KhidlY-unsplash3.jpg\" \/>\n<meta name=\"twitter:card\" content=\"summary_large_image\" \/>\n<meta name=\"twitter:label1\" content=\"Gesch\u00e4tzte Lesezeit\" \/>\n\t<meta name=\"twitter:data1\" content=\"1\u00a0Minute\" \/>\n<script type=\"application\/ld+json\" class=\"yoast-schema-graph\">{\"@context\":\"https:\\\/\\\/schema.org\",\"@graph\":[{\"@type\":\"WebPage\",\"@id\":\"https:\\\/\\\/endocor.com\\\/de\\\/kontakt\\\/\",\"url\":\"https:\\\/\\\/endocor.com\\\/de\\\/kontakt\\\/\",\"name\":\"Kontakt - ENDOCOR\",\"isPartOf\":{\"@id\":\"https:\\\/\\\/endocor.com\\\/de\\\/#website\"},\"primaryImageOfPage\":{\"@id\":\"https:\\\/\\\/endocor.com\\\/de\\\/kontakt\\\/#primaryimage\"},\"image\":{\"@id\":\"https:\\\/\\\/endocor.com\\\/de\\\/kontakt\\\/#primaryimage\"},\"thumbnailUrl\":\"https:\\\/\\\/endocor.com\\\/wp-content\\\/uploads\\\/2022\\\/12\\\/julian-hochgesang-psGV5KhidlY-unsplash3.jpg\",\"datePublished\":\"2020-04-30T10:32:31+00:00\",\"dateModified\":\"2023-02-27T21:41:54+00:00\",\"description\":\"Sie haben Fragen? Jetzt Kontakt aufnehmen! \u00d6ffnungszeiten: Mo-Fr: 8:30 Uhr - 16:30 Uhr Samstag geschlossen Sonntag: geschlossen.\",\"breadcrumb\":{\"@id\":\"https:\\\/\\\/endocor.com\\\/de\\\/kontakt\\\/#breadcrumb\"},\"inLanguage\":\"de\",\"potentialAction\":[{\"@type\":\"ReadAction\",\"target\":[\"https:\\\/\\\/endocor.com\\\/de\\\/kontakt\\\/\"]}]},{\"@type\":\"ImageObject\",\"inLanguage\":\"de\",\"@id\":\"https:\\\/\\\/endocor.com\\\/de\\\/kontakt\\\/#primaryimage\",\"url\":\"https:\\\/\\\/endocor.com\\\/wp-content\\\/uploads\\\/2022\\\/12\\\/julian-hochgesang-psGV5KhidlY-unsplash3.jpg\",\"contentUrl\":\"https:\\\/\\\/endocor.com\\\/wp-content\\\/uploads\\\/2022\\\/12\\\/julian-hochgesang-psGV5KhidlY-unsplash3.jpg\"},{\"@type\":\"BreadcrumbList\",\"@id\":\"https:\\\/\\\/endocor.com\\\/de\\\/kontakt\\\/#breadcrumb\",\"itemListElement\":[{\"@type\":\"ListItem\",\"position\":1,\"name\":\"Home\",\"item\":\"https:\\\/\\\/endocor.com\\\/de\\\/\"},{\"@type\":\"ListItem\",\"position\":2,\"name\":\"Kontakt\"}]},{\"@type\":\"WebSite\",\"@id\":\"https:\\\/\\\/endocor.com\\\/de\\\/#website\",\"url\":\"https:\\\/\\\/endocor.com\\\/de\\\/\",\"name\":\"ENDOCOR - Pioneering Innovation for LifeTM\",\"description\":\"Pioneering Innovation for Life\",\"publisher\":{\"@id\":\"https:\\\/\\\/endocor.com\\\/de\\\/#organization\"},\"potentialAction\":[{\"@type\":\"SearchAction\",\"target\":{\"@type\":\"EntryPoint\",\"urlTemplate\":\"https:\\\/\\\/endocor.com\\\/de\\\/?s={search_term_string}\"},\"query-input\":{\"@type\":\"PropertyValueSpecification\",\"valueRequired\":true,\"valueName\":\"search_term_string\"}}],\"inLanguage\":\"de\"},{\"@type\":\"Organization\",\"@id\":\"https:\\\/\\\/endocor.com\\\/de\\\/#organization\",\"name\":\"ENDOCOR GmbH & CO. KG\",\"url\":\"https:\\\/\\\/endocor.com\\\/de\\\/\",\"logo\":{\"@type\":\"ImageObject\",\"inLanguage\":\"de\",\"@id\":\"https:\\\/\\\/endocor.com\\\/de\\\/#\\\/schema\\\/logo\\\/image\\\/\",\"url\":\"https:\\\/\\\/endocor.com\\\/wp-content\\\/uploads\\\/2022\\\/12\\\/cropped-cropped-endocor_logo_transparent_3-big.png\",\"contentUrl\":\"https:\\\/\\\/endocor.com\\\/wp-content\\\/uploads\\\/2022\\\/12\\\/cropped-cropped-endocor_logo_transparent_3-big.png\",\"width\":280,\"height\":66,\"caption\":\"ENDOCOR GmbH & CO. KG\"},\"image\":{\"@id\":\"https:\\\/\\\/endocor.com\\\/de\\\/#\\\/schema\\\/logo\\\/image\\\/\"}}]}<\/script>\n<!-- \/ Yoast SEO plugin. -->","yoast_head_json":{"title":"Kontakt - ENDOCOR","description":"Sie haben Fragen? Jetzt Kontakt aufnehmen! \u00d6ffnungszeiten: Mo-Fr: 8:30 Uhr - 16:30 Uhr Samstag geschlossen Sonntag: geschlossen.","robots":{"index":"index","follow":"follow","max-snippet":"max-snippet:-1","max-image-preview":"max-image-preview:large","max-video-preview":"max-video-preview:-1"},"canonical":"https:\/\/endocor.com\/de\/kontakt\/","og_locale":"de_DE","og_type":"article","og_title":"Kontakt - ENDOCOR","og_description":"Sie haben Fragen? Jetzt Kontakt aufnehmen! \u00d6ffnungszeiten: Mo-Fr: 8:30 Uhr - 16:30 Uhr Samstag geschlossen Sonntag: geschlossen.","og_url":"https:\/\/endocor.com\/de\/kontakt\/","og_site_name":"ENDOCOR","article_modified_time":"2023-02-27T21:41:54+00:00","og_image":[{"url":"https:\/\/endocor.com\/wp-content\/uploads\/2022\/12\/julian-hochgesang-psGV5KhidlY-unsplash3.jpg","type":"","width":"","height":""}],"twitter_card":"summary_large_image","twitter_misc":{"Gesch\u00e4tzte Lesezeit":"1\u00a0Minute"},"schema":{"@context":"https:\/\/schema.org","@graph":[{"@type":"WebPage","@id":"https:\/\/endocor.com\/de\/kontakt\/","url":"https:\/\/endocor.com\/de\/kontakt\/","name":"Kontakt - ENDOCOR","isPartOf":{"@id":"https:\/\/endocor.com\/de\/#website"},"primaryImageOfPage":{"@id":"https:\/\/endocor.com\/de\/kontakt\/#primaryimage"},"image":{"@id":"https:\/\/endocor.com\/de\/kontakt\/#primaryimage"},"thumbnailUrl":"https:\/\/endocor.com\/wp-content\/uploads\/2022\/12\/julian-hochgesang-psGV5KhidlY-unsplash3.jpg","datePublished":"2020-04-30T10:32:31+00:00","dateModified":"2023-02-27T21:41:54+00:00","description":"Sie haben Fragen? Jetzt Kontakt aufnehmen! \u00d6ffnungszeiten: Mo-Fr: 8:30 Uhr - 16:30 Uhr Samstag geschlossen Sonntag: geschlossen.","breadcrumb":{"@id":"https:\/\/endocor.com\/de\/kontakt\/#breadcrumb"},"inLanguage":"de","potentialAction":[{"@type":"ReadAction","target":["https:\/\/endocor.com\/de\/kontakt\/"]}]},{"@type":"ImageObject","inLanguage":"de","@id":"https:\/\/endocor.com\/de\/kontakt\/#primaryimage","url":"https:\/\/endocor.com\/wp-content\/uploads\/2022\/12\/julian-hochgesang-psGV5KhidlY-unsplash3.jpg","contentUrl":"https:\/\/endocor.com\/wp-content\/uploads\/2022\/12\/julian-hochgesang-psGV5KhidlY-unsplash3.jpg"},{"@type":"BreadcrumbList","@id":"https:\/\/endocor.com\/de\/kontakt\/#breadcrumb","itemListElement":[{"@type":"ListItem","position":1,"name":"Home","item":"https:\/\/endocor.com\/de\/"},{"@type":"ListItem","position":2,"name":"Kontakt"}]},{"@type":"WebSite","@id":"https:\/\/endocor.com\/de\/#website","url":"https:\/\/endocor.com\/de\/","name":"ENDOCOR - Pioneering Innovation for LifeTM","description":"Pioneering Innovation for Life","publisher":{"@id":"https:\/\/endocor.com\/de\/#organization"},"potentialAction":[{"@type":"SearchAction","target":{"@type":"EntryPoint","urlTemplate":"https:\/\/endocor.com\/de\/?s={search_term_string}"},"query-input":{"@type":"PropertyValueSpecification","valueRequired":true,"valueName":"search_term_string"}}],"inLanguage":"de"},{"@type":"Organization","@id":"https:\/\/endocor.com\/de\/#organization","name":"ENDOCOR GmbH & CO. KG","url":"https:\/\/endocor.com\/de\/","logo":{"@type":"ImageObject","inLanguage":"de","@id":"https:\/\/endocor.com\/de\/#\/schema\/logo\/image\/","url":"https:\/\/endocor.com\/wp-content\/uploads\/2022\/12\/cropped-cropped-endocor_logo_transparent_3-big.png","contentUrl":"https:\/\/endocor.com\/wp-content\/uploads\/2022\/12\/cropped-cropped-endocor_logo_transparent_3-big.png","width":280,"height":66,"caption":"ENDOCOR GmbH & CO. KG"},"image":{"@id":"https:\/\/endocor.com\/de\/#\/schema\/logo\/image\/"}}]}},"_links":{"self":[{"href":"https:\/\/endocor.com\/de\/wp-json\/wp\/v2\/pages\/28360","targetHints":{"allow":["GET"]}}],"collection":[{"href":"https:\/\/endocor.com\/de\/wp-json\/wp\/v2\/pages"}],"about":[{"href":"https:\/\/endocor.com\/de\/wp-json\/wp\/v2\/types\/page"}],"author":[{"embeddable":true,"href":"https:\/\/endocor.com\/de\/wp-json\/wp\/v2\/users\/1"}],"replies":[{"embeddable":true,"href":"https:\/\/endocor.com\/de\/wp-json\/wp\/v2\/comments?post=28360"}],"version-history":[{"count":0,"href":"https:\/\/endocor.com\/de\/wp-json\/wp\/v2\/pages\/28360\/revisions"}],"wp:attachment":[{"href":"https:\/\/endocor.com\/de\/wp-json\/wp\/v2\/media?parent=28360"}],"curies":[{"name":"wp","href":"https:\/\/api.w.org\/{rel}","templated":true}]}}