{"id":28349,"date":"2022-12-11T22:38:34","date_gmt":"2022-12-11T22:38:34","guid":{"rendered":"https:\/\/endocor.com\/karriere\/"},"modified":"2024-08-11T06:28:48","modified_gmt":"2024-08-11T06:28:48","slug":"karriere","status":"publish","type":"page","link":"https:\/\/endocor.com\/de\/karriere\/","title":{"rendered":"Karriere"},"content":{"rendered":"\t\t<div data-elementor-type=\"wp-page\" data-elementor-id=\"28349\" class=\"elementor elementor-28349 elementor-26209\">\n\t\t\t\t\t\t<section class=\"elementor-section elementor-top-section elementor-element elementor-element-2323b07a scheme_dark elementor-section-boxed elementor-section-height-default elementor-section-height-default sc_fly_static\" data-id=\"2323b07a\" data-element_type=\"section\" data-e-type=\"section\" data-settings=\"{&quot;background_background&quot;:&quot;classic&quot;}\">\n\t\t\t\t\t\t\t<div class=\"elementor-background-overlay\"><\/div>\n\t\t\t\t\t\t\t<div class=\"elementor-container elementor-column-gap-extended\">\n\t\t\t\t\t<div class=\"elementor-column elementor-col-100 elementor-top-column elementor-element elementor-element-25b78927 sc_content_align_inherit sc_layouts_column_icons_position_left sc_fly_static\" data-id=\"25b78927\" data-element_type=\"column\" data-e-type=\"column\">\n\t\t\t<div class=\"elementor-widget-wrap elementor-element-populated\">\n\t\t\t\t\t\t<div class=\"elementor-element elementor-element-7e0479b6 sc_height_huge sc_fly_static elementor-widget elementor-widget-spacer\" data-id=\"7e0479b6\" data-element_type=\"widget\" data-e-type=\"widget\" data-widget_type=\"spacer.default\">\n\t\t\t\t<div class=\"elementor-widget-container\">\n\t\t\t\t\t\t\t<div class=\"elementor-spacer\">\n\t\t\t<div class=\"elementor-spacer-inner\"><\/div>\n\t\t<\/div>\n\t\t\t\t\t\t<\/div>\n\t\t\t\t<\/div>\n\t\t\t\t<div class=\"elementor-element elementor-element-23845c58 sc_layouts_hide_on_mobile sc_height_tiny sc_layouts_hide_on_tablet sc_fly_static elementor-widget elementor-widget-spacer\" data-id=\"23845c58\" data-element_type=\"widget\" data-e-type=\"widget\" data-widget_type=\"spacer.default\">\n\t\t\t\t<div class=\"elementor-widget-container\">\n\t\t\t\t\t\t\t<div class=\"elementor-spacer\">\n\t\t\t<div class=\"elementor-spacer-inner\"><\/div>\n\t\t<\/div>\n\t\t\t\t\t\t<\/div>\n\t\t\t\t<\/div>\n\t\t\t\t<div class=\"elementor-element elementor-element-535ebb36 sc_fly_static elementor-widget elementor-widget-trx_sc_title\" data-id=\"535ebb36\" data-element_type=\"widget\" data-e-type=\"widget\" data-widget_type=\"trx_sc_title.default\">\n\t\t\t\t<div class=\"elementor-widget-container\">\n\t\t\t\t\t<div\t\tclass=\"sc_title sc_title_default\" ><h1 class=\"sc_item_title sc_title_title sc_item_title_style_default sc_item_title_tag trx_addons_inline_1320390970\"\n\t\t\t><span class=\"sc_item_title_text\">WERDE TEIL UNSERES TEAMS. <br> WILLKOMMEN IN UNSERER FAMILIE.<\/span><\/h1><\/div>\t\t\t\t<\/div>\n\t\t\t\t<\/div>\n\t\t\t\t<div class=\"elementor-element elementor-element-42233530 sc_height_tiny sc_fly_static elementor-widget elementor-widget-spacer\" data-id=\"42233530\" data-element_type=\"widget\" data-e-type=\"widget\" data-widget_type=\"spacer.default\">\n\t\t\t\t<div class=\"elementor-widget-container\">\n\t\t\t\t\t\t\t<div class=\"elementor-spacer\">\n\t\t\t<div class=\"elementor-spacer-inner\"><\/div>\n\t\t<\/div>\n\t\t\t\t\t\t<\/div>\n\t\t\t\t<\/div>\n\t\t\t\t<div class=\"elementor-element elementor-element-2797952f sc_height_huge sc_fly_static elementor-widget elementor-widget-spacer\" data-id=\"2797952f\" data-element_type=\"widget\" data-e-type=\"widget\" data-widget_type=\"spacer.default\">\n\t\t\t\t<div class=\"elementor-widget-container\">\n\t\t\t\t\t\t\t<div class=\"elementor-spacer\">\n\t\t\t<div class=\"elementor-spacer-inner\"><\/div>\n\t\t<\/div>\n\t\t\t\t\t\t<\/div>\n\t\t\t\t<\/div>\n\t\t\t\t\t<\/div>\n\t\t<\/div>\n\t\t\t\t\t<\/div>\n\t\t<\/section>\n\t\t\t\t<section class=\"elementor-section elementor-top-section elementor-element elementor-element-7c61b288 elementor-section-boxed elementor-section-height-default elementor-section-height-default sc_fly_static\" data-id=\"7c61b288\" data-element_type=\"section\" data-e-type=\"section\" data-settings=\"{&quot;background_background&quot;:&quot;classic&quot;}\">\n\t\t\t\t\t\t<div class=\"elementor-container elementor-column-gap-extended\">\n\t\t\t\t\t<div class=\"elementor-column elementor-col-100 elementor-top-column elementor-element elementor-element-2587760f sc_content_align_inherit sc_layouts_column_icons_position_left sc_fly_static\" data-id=\"2587760f\" data-element_type=\"column\" data-e-type=\"column\">\n\t\t\t<div class=\"elementor-widget-wrap elementor-element-populated\">\n\t\t\t\t\t\t<div class=\"elementor-element elementor-element-5f9339ec sc_height_huge sc_fly_static elementor-widget elementor-widget-spacer\" data-id=\"5f9339ec\" data-element_type=\"widget\" data-e-type=\"widget\" data-widget_type=\"spacer.default\">\n\t\t\t\t<div class=\"elementor-widget-container\">\n\t\t\t\t\t\t\t<div class=\"elementor-spacer\">\n\t\t\t<div class=\"elementor-spacer-inner\"><\/div>\n\t\t<\/div>\n\t\t\t\t\t\t<\/div>\n\t\t\t\t<\/div>\n\t\t\t\t<section class=\"elementor-section elementor-inner-section elementor-element elementor-element-8ecc9dd elementor-section-boxed elementor-section-height-default elementor-section-height-default sc_fly_static\" data-id=\"8ecc9dd\" data-element_type=\"section\" data-e-type=\"section\">\n\t\t\t\t\t\t<div class=\"elementor-container elementor-column-gap-no\">\n\t\t\t\t\t<div class=\"elementor-column elementor-col-33 elementor-inner-column elementor-element elementor-element-6ed33d1 sc_content_align_inherit sc_layouts_column_icons_position_left sc_fly_static\" data-id=\"6ed33d1\" data-element_type=\"column\" data-e-type=\"column\">\n\t\t\t<div class=\"elementor-widget-wrap elementor-element-populated\">\n\t\t\t\t\t\t<div class=\"elementor-element elementor-element-30e7cc11 sc_fly_static elementor-widget elementor-widget-trx_sc_title\" data-id=\"30e7cc11\" data-element_type=\"widget\" data-e-type=\"widget\" data-widget_type=\"trx_sc_title.default\">\n\t\t\t\t<div class=\"elementor-widget-container\">\n\t\t\t\t\t<div\t\tclass=\"sc_title sc_title_default\" ><h1 class=\"sc_item_title sc_title_title sc_item_title_style_default sc_item_title_tag trx_addons_inline_1133006490\"\n\t\t\t><span class=\"sc_item_title_text\">Karriere bei <br>Endocor<\/span><\/h1><\/div>\t\t\t\t<\/div>\n\t\t\t\t<\/div>\n\t\t\t\t\t<\/div>\n\t\t<\/div>\n\t\t\t\t<div class=\"elementor-column elementor-col-33 elementor-inner-column elementor-element elementor-element-642a364b sc_content_align_inherit sc_layouts_column_icons_position_left sc_fly_static\" data-id=\"642a364b\" data-element_type=\"column\" data-e-type=\"column\">\n\t\t\t<div class=\"elementor-widget-wrap elementor-element-populated\">\n\t\t\t\t\t\t<div class=\"elementor-element elementor-element-5d1adfff sc_fly_static elementor-widget elementor-widget-text-editor\" data-id=\"5d1adfff\" data-element_type=\"widget\" data-e-type=\"widget\" data-widget_type=\"text-editor.default\">\n\t\t\t\t<div class=\"elementor-widget-container\">\n\t\t\t\t\t\t\t\t\tJeden einzelnen Tag helfen unsere medizinischen Produkte Patienten an irgendeinem Ort der Welt Ihre Erkrankungen zu besiegen, Ihre Lebensqualit\u00e4t zu verbessern und Ihr Leben zu verl\u00e4ngern.\n\nSind Sie bereit mit uns an diesem Stolz teilzuhaben?\t\t\t\t\t\t\t\t<\/div>\n\t\t\t\t<\/div>\n\t\t\t\t<div class=\"elementor-element elementor-element-fb1bb92 sc_fly_static elementor-widget elementor-widget-spacer\" data-id=\"fb1bb92\" data-element_type=\"widget\" data-e-type=\"widget\" data-widget_type=\"spacer.default\">\n\t\t\t\t<div class=\"elementor-widget-container\">\n\t\t\t\t\t\t\t<div class=\"elementor-spacer\">\n\t\t\t<div class=\"elementor-spacer-inner\"><\/div>\n\t\t<\/div>\n\t\t\t\t\t\t<\/div>\n\t\t\t\t<\/div>\n\t\t\t\t<div class=\"elementor-element elementor-element-6a6f444 sc_fly_static elementor-widget elementor-widget-text-editor\" data-id=\"6a6f444\" data-element_type=\"widget\" data-e-type=\"widget\" data-widget_type=\"text-editor.default\">\n\t\t\t\t<div class=\"elementor-widget-container\">\n\t\t\t\t\t\t\t\t\t<p>Wir sind eine junges dynamisches Unternehmen, das an der Spitze der medizinischen Innovation t\u00e4tig ist und wir suchen st\u00e4ndig neue Talente Denken Sie, Sie haben was wir suchen? Dann wagen Sie den n\u00e4chsten Schritt in ein neues Leben und werden Sie Teil eines einzigartigen Teams. Wir belohnen Ihre Kreativit\u00e4t, Ihren unternehmerischen Geist und fordern Sie jeden Tag das Beste aus Ihnen herauszuholen. Hier finden Sie eine \u00dcbersicht unserer derzeitig verf\u00fcgbaren Positionen:<\/p>\n\t\t\t\t\t\t\t\t<\/div>\n\t\t\t\t<\/div>\n\t\t\t\t\t<\/div>\n\t\t<\/div>\n\t\t\t\t<div class=\"elementor-column elementor-col-33 elementor-inner-column elementor-element elementor-element-32eb4901 sc_content_align_inherit sc_layouts_column_icons_position_left sc_fly_static\" data-id=\"32eb4901\" data-element_type=\"column\" data-e-type=\"column\">\n\t\t\t<div class=\"elementor-widget-wrap elementor-element-populated\">\n\t\t\t\t\t\t<div class=\"elementor-element elementor-element-3e956803 sc_fly_static elementor-widget elementor-widget-spacer\" data-id=\"3e956803\" data-element_type=\"widget\" data-e-type=\"widget\" data-widget_type=\"spacer.default\">\n\t\t\t\t<div class=\"elementor-widget-container\">\n\t\t\t\t\t\t\t<div class=\"elementor-spacer\">\n\t\t\t<div class=\"elementor-spacer-inner\"><\/div>\n\t\t<\/div>\n\t\t\t\t\t\t<\/div>\n\t\t\t\t<\/div>\n\t\t\t\t\t<\/div>\n\t\t<\/div>\n\t\t\t\t\t<\/div>\n\t\t<\/section>\n\t\t\t\t<section class=\"elementor-section elementor-inner-section elementor-element elementor-element-2c0924fd elementor-section-boxed elementor-section-height-default elementor-section-height-default sc_fly_static\" data-id=\"2c0924fd\" data-element_type=\"section\" data-e-type=\"section\">\n\t\t\t\t\t\t<div class=\"elementor-container elementor-column-gap-no\">\n\t\t\t\t\t<div class=\"elementor-column elementor-col-33 elementor-inner-column elementor-element elementor-element-5711fed0 sc_content_align_inherit sc_layouts_column_icons_position_left sc_fly_static\" data-id=\"5711fed0\" data-element_type=\"column\" data-e-type=\"column\">\n\t\t\t<div class=\"elementor-widget-wrap\">\n\t\t\t\t\t\t\t<\/div>\n\t\t<\/div>\n\t\t\t\t<div class=\"elementor-column elementor-col-66 elementor-inner-column elementor-element elementor-element-497c5fad sc_content_align_inherit sc_layouts_column_icons_position_left sc_fly_static\" data-id=\"497c5fad\" data-element_type=\"column\" data-e-type=\"column\">\n\t\t\t<div class=\"elementor-widget-wrap elementor-element-populated\">\n\t\t\t\t\t\t<div class=\"elementor-element elementor-element-2f9fb68b elementor-widget-divider--view-line sc_fly_static elementor-widget elementor-widget-divider\" data-id=\"2f9fb68b\" data-element_type=\"widget\" data-e-type=\"widget\" data-widget_type=\"divider.default\">\n\t\t\t\t<div class=\"elementor-widget-container\">\n\t\t\t\t\t\t\t<div class=\"elementor-divider\">\n\t\t\t<span class=\"elementor-divider-separator\">\n\t\t\t\t\t\t<\/span>\n\t\t<\/div>\n\t\t\t\t\t\t<\/div>\n\t\t\t\t<\/div>\n\t\t\t\t<div class=\"elementor-element elementor-element-5d345c47 elementor-position-inline-end inline_iconbox elementor-view-default elementor-mobile-position-block-start sc_fly_static elementor-widget elementor-widget-icon-box\" data-id=\"5d345c47\" data-element_type=\"widget\" data-e-type=\"widget\" data-widget_type=\"icon-box.default\">\n\t\t\t\t<div class=\"elementor-widget-container\">\n\t\t\t\t\t\t\t<div class=\"elementor-icon-box-wrapper\">\n\n\t\t\t\t\t\t<div class=\"elementor-icon-box-icon\">\n\t\t\t\t<span  class=\"elementor-icon\">\n\t\t\t\t<svg xmlns=\"http:\/\/www.w3.org\/2000\/svg\" xmlns:xlink=\"http:\/\/www.w3.org\/1999\/xlink\" id=\"Capa_1\" x=\"0px\" y=\"0px\" viewBox=\"0 0 512 512\" style=\"enable-background:new 0 0 512 512;\" xml:space=\"preserve\"><g>\t<g>\t\t<path d=\"M492,236H276V20c0-11.046-8.954-20-20-20c-11.046,0-20,8.954-20,20v216H20c-11.046,0-20,8.954-20,20s8.954,20,20,20h216    v216c0,11.046,8.954,20,20,20s20-8.954,20-20V276h216c11.046,0,20-8.954,20-20C512,244.954,503.046,236,492,236z\"><\/path>\t<\/g><\/g><g><\/g><g><\/g><g><\/g><g><\/g><g><\/g><g><\/g><g><\/g><g><\/g><g><\/g><g><\/g><g><\/g><g><\/g><g><\/g><g><\/g><g><\/g><\/svg>\t\t\t\t<\/span>\n\t\t\t<\/div>\n\t\t\t\n\t\t\t\t\t\t<div class=\"elementor-icon-box-content\">\n\n\t\t\t\t\t\t\t\t\t<h4 class=\"elementor-icon-box-title\">\n\t\t\t\t\t\t<span  >\n\t\t\t\t\t\t\tVerkaufsleiter (Deutschland Au\u00dfendienst)<small><\/small>\t\t\t\t\t\t<\/span>\n\t\t\t\t\t<\/h4>\n\t\t\t\t\n\t\t\t\t\n\t\t\t<\/div>\n\t\t\t\n\t\t<\/div>\n\t\t\t\t\t\t<\/div>\n\t\t\t\t<\/div>\n\t\t\t\t<div class=\"elementor-element elementor-element-405379b6 elementor-position-inline-end inline_iconbox elementor-view-default elementor-mobile-position-block-start sc_fly_static elementor-widget elementor-widget-icon-box\" data-id=\"405379b6\" data-element_type=\"widget\" data-e-type=\"widget\" data-widget_type=\"icon-box.default\">\n\t\t\t\t<div class=\"elementor-widget-container\">\n\t\t\t\t\t\t\t<div class=\"elementor-icon-box-wrapper\">\n\n\t\t\t\t\t\t<div class=\"elementor-icon-box-icon\">\n\t\t\t\t<span  class=\"elementor-icon\">\n\t\t\t\t<svg xmlns=\"http:\/\/www.w3.org\/2000\/svg\" xmlns:xlink=\"http:\/\/www.w3.org\/1999\/xlink\" id=\"Capa_1\" x=\"0px\" y=\"0px\" viewBox=\"0 0 512 512\" style=\"enable-background:new 0 0 512 512;\" xml:space=\"preserve\"><g>\t<g>\t\t<path d=\"M492,236H276V20c0-11.046-8.954-20-20-20c-11.046,0-20,8.954-20,20v216H20c-11.046,0-20,8.954-20,20s8.954,20,20,20h216    v216c0,11.046,8.954,20,20,20s20-8.954,20-20V276h216c11.046,0,20-8.954,20-20C512,244.954,503.046,236,492,236z\"><\/path>\t<\/g><\/g><g><\/g><g><\/g><g><\/g><g><\/g><g><\/g><g><\/g><g><\/g><g><\/g><g><\/g><g><\/g><g><\/g><g><\/g><g><\/g><g><\/g><g><\/g><\/svg>\t\t\t\t<\/span>\n\t\t\t<\/div>\n\t\t\t\n\t\t\t\t\t\t<div class=\"elementor-icon-box-content\">\n\n\t\t\t\t\t\t\t\t\t<h4 class=\"elementor-icon-box-title\">\n\t\t\t\t\t\t<span  >\n\t\t\t\t\t\t\tInternationaler Verkaufsleiter (Global)<small><\/small>\t\t\t\t\t\t<\/span>\n\t\t\t\t\t<\/h4>\n\t\t\t\t\n\t\t\t\t\n\t\t\t<\/div>\n\t\t\t\n\t\t<\/div>\n\t\t\t\t\t\t<\/div>\n\t\t\t\t<\/div>\n\t\t\t\t<div class=\"elementor-element elementor-element-715338f1 elementor-position-inline-end inline_iconbox elementor-view-default elementor-mobile-position-block-start sc_fly_static elementor-widget elementor-widget-icon-box\" data-id=\"715338f1\" data-element_type=\"widget\" data-e-type=\"widget\" data-widget_type=\"icon-box.default\">\n\t\t\t\t<div class=\"elementor-widget-container\">\n\t\t\t\t\t\t\t<div class=\"elementor-icon-box-wrapper\">\n\n\t\t\t\t\t\t<div class=\"elementor-icon-box-icon\">\n\t\t\t\t<span  class=\"elementor-icon\">\n\t\t\t\t<svg xmlns=\"http:\/\/www.w3.org\/2000\/svg\" xmlns:xlink=\"http:\/\/www.w3.org\/1999\/xlink\" id=\"Capa_1\" x=\"0px\" y=\"0px\" viewBox=\"0 0 512 512\" style=\"enable-background:new 0 0 512 512;\" xml:space=\"preserve\"><g>\t<g>\t\t<path d=\"M492,236H276V20c0-11.046-8.954-20-20-20c-11.046,0-20,8.954-20,20v216H20c-11.046,0-20,8.954-20,20s8.954,20,20,20h216    v216c0,11.046,8.954,20,20,20s20-8.954,20-20V276h216c11.046,0,20-8.954,20-20C512,244.954,503.046,236,492,236z\"><\/path>\t<\/g><\/g><g><\/g><g><\/g><g><\/g><g><\/g><g><\/g><g><\/g><g><\/g><g><\/g><g><\/g><g><\/g><g><\/g><g><\/g><g><\/g><g><\/g><g><\/g><\/svg>\t\t\t\t<\/span>\n\t\t\t<\/div>\n\t\t\t\n\t\t\t\t\t\t<div class=\"elementor-icon-box-content\">\n\n\t\t\t\t\t\t\t\t\t<h4 class=\"elementor-icon-box-title\">\n\t\t\t\t\t\t<span  >\n\t\t\t\t\t\t\tProdukt Experte \/ Training Manager (Global)<small><\/small>\t\t\t\t\t\t<\/span>\n\t\t\t\t\t<\/h4>\n\t\t\t\t\n\t\t\t\t\n\t\t\t<\/div>\n\t\t\t\n\t\t<\/div>\n\t\t\t\t\t\t<\/div>\n\t\t\t\t<\/div>\n\t\t\t\t\t<\/div>\n\t\t<\/div>\n\t\t\t\t\t<\/div>\n\t\t<\/section>\n\t\t\t\t<div class=\"elementor-element elementor-element-1fe9e34e sc_height_small sc_fly_static elementor-widget elementor-widget-spacer\" data-id=\"1fe9e34e\" data-element_type=\"widget\" data-e-type=\"widget\" data-widget_type=\"spacer.default\">\n\t\t\t\t<div class=\"elementor-widget-container\">\n\t\t\t\t\t\t\t<div class=\"elementor-spacer\">\n\t\t\t<div class=\"elementor-spacer-inner\"><\/div>\n\t\t<\/div>\n\t\t\t\t\t\t<\/div>\n\t\t\t\t<\/div>\n\t\t\t\t<div class=\"elementor-element elementor-element-87070d5 sc_fly_static elementor-widget elementor-widget-trx_sc_button\" data-id=\"87070d5\" data-element_type=\"widget\" data-e-type=\"widget\" data-widget_type=\"trx_sc_button.default\">\n\t\t\t\t<div class=\"elementor-widget-container\">\n\t\t\t\t\t<div\tclass=\"sc_item_button sc_button_wrap sc_align_right\" ><a href=\"mailto:info@endocor.com\" class=\"sc_button sc_button_simple sc_button_size_large sc_button_icon_left color_style_dark\" ><span class=\"sc_button_text\"><span class=\"sc_button_title\">F\u00fcr weitere Informationen oder um Ihre Bewerbung bei uns einzureichen: <\/span><\/span><\/a><\/div>\t\t\t\t<\/div>\n\t\t\t\t<\/div>\n\t\t\t\t<div class=\"elementor-element elementor-element-dcdc583 sc_height_medium sc_fly_static elementor-widget elementor-widget-spacer\" data-id=\"dcdc583\" data-element_type=\"widget\" data-e-type=\"widget\" data-widget_type=\"spacer.default\">\n\t\t\t\t<div class=\"elementor-widget-container\">\n\t\t\t\t\t\t\t<div class=\"elementor-spacer\">\n\t\t\t<div class=\"elementor-spacer-inner\"><\/div>\n\t\t<\/div>\n\t\t\t\t\t\t<\/div>\n\t\t\t\t<\/div>\n\t\t\t\t\t<\/div>\n\t\t<\/div>\n\t\t\t\t\t<\/div>\n\t\t<\/section>\n\t\t\t\t<\/div>\n\t\t","protected":false},"excerpt":{"rendered":"<p>WERDE TEIL UNSERES TEAMS. WILLKOMMEN IN UNSERER FAMILIE. Karriere bei Endocor Jeden einzelnen Tag helfen unsere medizinischen Produkte Patienten an irgendeinem Ort der Welt Ihre Erkrankungen zu besiegen, Ihre Lebensqualit\u00e4t&hellip;<\/p>\n","protected":false},"author":1,"featured_media":0,"parent":0,"menu_order":0,"comment_status":"closed","ping_status":"closed","template":"","meta":{"footnotes":""},"class_list":["post-28349","page","type-page","status-publish","hentry"],"yoast_head":"<!-- This site is optimized with the Yoast SEO plugin v27.3 - https:\/\/yoast.com\/product\/yoast-seo-wordpress\/ -->\n<title>Karriere<\/title>\n<meta name=\"description\" content=\"Jeden einzelnen Tag helfen unsere medizinischen Produkte Patienten an irgendeinem Ort der Welt Ihre Erkrankungen zu besiegen, Ihre Lebensqualit\u00e4t zu verbessern und Ihr Leben zu verl\u00e4ngern. Sind Sie bereit...\" \/>\n<meta name=\"robots\" content=\"index, follow, max-snippet:-1, max-image-preview:large, max-video-preview:-1\" \/>\n<link rel=\"canonical\" href=\"https:\/\/endocor.com\/de\/karriere\/\" \/>\n<meta property=\"og:locale\" content=\"de_DE\" \/>\n<meta property=\"og:type\" content=\"article\" \/>\n<meta property=\"og:title\" content=\"Karriere\" \/>\n<meta property=\"og:description\" content=\"Jeden einzelnen Tag helfen unsere medizinischen Produkte Patienten an irgendeinem Ort der Welt Ihre Erkrankungen zu besiegen, Ihre Lebensqualit\u00e4t zu verbessern und Ihr Leben zu verl\u00e4ngern. Sind Sie bereit...\" \/>\n<meta property=\"og:url\" content=\"https:\/\/endocor.com\/de\/karriere\/\" \/>\n<meta property=\"og:site_name\" content=\"ENDOCOR\" \/>\n<meta property=\"article:modified_time\" content=\"2024-08-11T06:28:48+00:00\" \/>\n<meta name=\"twitter:card\" content=\"summary_large_image\" \/>\n<meta name=\"twitter:label1\" content=\"Gesch\u00e4tzte Lesezeit\" \/>\n\t<meta name=\"twitter:data1\" content=\"1\u00a0Minute\" \/>\n<script type=\"application\/ld+json\" class=\"yoast-schema-graph\">{\"@context\":\"https:\\\/\\\/schema.org\",\"@graph\":[{\"@type\":\"WebPage\",\"@id\":\"https:\\\/\\\/endocor.com\\\/de\\\/karriere\\\/\",\"url\":\"https:\\\/\\\/endocor.com\\\/de\\\/karriere\\\/\",\"name\":\"Karriere\",\"isPartOf\":{\"@id\":\"https:\\\/\\\/endocor.com\\\/de\\\/#website\"},\"datePublished\":\"2022-12-11T22:38:34+00:00\",\"dateModified\":\"2024-08-11T06:28:48+00:00\",\"description\":\"Jeden einzelnen Tag helfen unsere medizinischen Produkte Patienten an irgendeinem Ort der Welt Ihre Erkrankungen zu besiegen, Ihre Lebensqualit\u00e4t zu verbessern und Ihr Leben zu verl\u00e4ngern. Sind Sie bereit...\",\"breadcrumb\":{\"@id\":\"https:\\\/\\\/endocor.com\\\/de\\\/karriere\\\/#breadcrumb\"},\"inLanguage\":\"de\",\"potentialAction\":[{\"@type\":\"ReadAction\",\"target\":[\"https:\\\/\\\/endocor.com\\\/de\\\/karriere\\\/\"]}]},{\"@type\":\"BreadcrumbList\",\"@id\":\"https:\\\/\\\/endocor.com\\\/de\\\/karriere\\\/#breadcrumb\",\"itemListElement\":[{\"@type\":\"ListItem\",\"position\":1,\"name\":\"Home\",\"item\":\"https:\\\/\\\/endocor.com\\\/de\\\/\"},{\"@type\":\"ListItem\",\"position\":2,\"name\":\"Karriere\"}]},{\"@type\":\"WebSite\",\"@id\":\"https:\\\/\\\/endocor.com\\\/de\\\/#website\",\"url\":\"https:\\\/\\\/endocor.com\\\/de\\\/\",\"name\":\"ENDOCOR - Pioneering Innovation for LifeTM\",\"description\":\"Pioneering Innovation for Life\",\"publisher\":{\"@id\":\"https:\\\/\\\/endocor.com\\\/de\\\/#organization\"},\"potentialAction\":[{\"@type\":\"SearchAction\",\"target\":{\"@type\":\"EntryPoint\",\"urlTemplate\":\"https:\\\/\\\/endocor.com\\\/de\\\/?s={search_term_string}\"},\"query-input\":{\"@type\":\"PropertyValueSpecification\",\"valueRequired\":true,\"valueName\":\"search_term_string\"}}],\"inLanguage\":\"de\"},{\"@type\":\"Organization\",\"@id\":\"https:\\\/\\\/endocor.com\\\/de\\\/#organization\",\"name\":\"ENDOCOR GmbH & CO. KG\",\"url\":\"https:\\\/\\\/endocor.com\\\/de\\\/\",\"logo\":{\"@type\":\"ImageObject\",\"inLanguage\":\"de\",\"@id\":\"https:\\\/\\\/endocor.com\\\/de\\\/#\\\/schema\\\/logo\\\/image\\\/\",\"url\":\"https:\\\/\\\/endocor.com\\\/wp-content\\\/uploads\\\/2022\\\/12\\\/cropped-cropped-endocor_logo_transparent_3-big.png\",\"contentUrl\":\"https:\\\/\\\/endocor.com\\\/wp-content\\\/uploads\\\/2022\\\/12\\\/cropped-cropped-endocor_logo_transparent_3-big.png\",\"width\":280,\"height\":66,\"caption\":\"ENDOCOR GmbH & CO. KG\"},\"image\":{\"@id\":\"https:\\\/\\\/endocor.com\\\/de\\\/#\\\/schema\\\/logo\\\/image\\\/\"}}]}<\/script>\n<!-- \/ Yoast SEO plugin. -->","yoast_head_json":{"title":"Karriere","description":"Jeden einzelnen Tag helfen unsere medizinischen Produkte Patienten an irgendeinem Ort der Welt Ihre Erkrankungen zu besiegen, Ihre Lebensqualit\u00e4t zu verbessern und Ihr Leben zu verl\u00e4ngern. Sind Sie bereit...","robots":{"index":"index","follow":"follow","max-snippet":"max-snippet:-1","max-image-preview":"max-image-preview:large","max-video-preview":"max-video-preview:-1"},"canonical":"https:\/\/endocor.com\/de\/karriere\/","og_locale":"de_DE","og_type":"article","og_title":"Karriere","og_description":"Jeden einzelnen Tag helfen unsere medizinischen Produkte Patienten an irgendeinem Ort der Welt Ihre Erkrankungen zu besiegen, Ihre Lebensqualit\u00e4t zu verbessern und Ihr Leben zu verl\u00e4ngern. Sind Sie bereit...","og_url":"https:\/\/endocor.com\/de\/karriere\/","og_site_name":"ENDOCOR","article_modified_time":"2024-08-11T06:28:48+00:00","twitter_card":"summary_large_image","twitter_misc":{"Gesch\u00e4tzte Lesezeit":"1\u00a0Minute"},"schema":{"@context":"https:\/\/schema.org","@graph":[{"@type":"WebPage","@id":"https:\/\/endocor.com\/de\/karriere\/","url":"https:\/\/endocor.com\/de\/karriere\/","name":"Karriere","isPartOf":{"@id":"https:\/\/endocor.com\/de\/#website"},"datePublished":"2022-12-11T22:38:34+00:00","dateModified":"2024-08-11T06:28:48+00:00","description":"Jeden einzelnen Tag helfen unsere medizinischen Produkte Patienten an irgendeinem Ort der Welt Ihre Erkrankungen zu besiegen, Ihre Lebensqualit\u00e4t zu verbessern und Ihr Leben zu verl\u00e4ngern. Sind Sie bereit...","breadcrumb":{"@id":"https:\/\/endocor.com\/de\/karriere\/#breadcrumb"},"inLanguage":"de","potentialAction":[{"@type":"ReadAction","target":["https:\/\/endocor.com\/de\/karriere\/"]}]},{"@type":"BreadcrumbList","@id":"https:\/\/endocor.com\/de\/karriere\/#breadcrumb","itemListElement":[{"@type":"ListItem","position":1,"name":"Home","item":"https:\/\/endocor.com\/de\/"},{"@type":"ListItem","position":2,"name":"Karriere"}]},{"@type":"WebSite","@id":"https:\/\/endocor.com\/de\/#website","url":"https:\/\/endocor.com\/de\/","name":"ENDOCOR - Pioneering Innovation for LifeTM","description":"Pioneering Innovation for Life","publisher":{"@id":"https:\/\/endocor.com\/de\/#organization"},"potentialAction":[{"@type":"SearchAction","target":{"@type":"EntryPoint","urlTemplate":"https:\/\/endocor.com\/de\/?s={search_term_string}"},"query-input":{"@type":"PropertyValueSpecification","valueRequired":true,"valueName":"search_term_string"}}],"inLanguage":"de"},{"@type":"Organization","@id":"https:\/\/endocor.com\/de\/#organization","name":"ENDOCOR GmbH & CO. KG","url":"https:\/\/endocor.com\/de\/","logo":{"@type":"ImageObject","inLanguage":"de","@id":"https:\/\/endocor.com\/de\/#\/schema\/logo\/image\/","url":"https:\/\/endocor.com\/wp-content\/uploads\/2022\/12\/cropped-cropped-endocor_logo_transparent_3-big.png","contentUrl":"https:\/\/endocor.com\/wp-content\/uploads\/2022\/12\/cropped-cropped-endocor_logo_transparent_3-big.png","width":280,"height":66,"caption":"ENDOCOR GmbH & CO. KG"},"image":{"@id":"https:\/\/endocor.com\/de\/#\/schema\/logo\/image\/"}}]}},"_links":{"self":[{"href":"https:\/\/endocor.com\/de\/wp-json\/wp\/v2\/pages\/28349","targetHints":{"allow":["GET"]}}],"collection":[{"href":"https:\/\/endocor.com\/de\/wp-json\/wp\/v2\/pages"}],"about":[{"href":"https:\/\/endocor.com\/de\/wp-json\/wp\/v2\/types\/page"}],"author":[{"embeddable":true,"href":"https:\/\/endocor.com\/de\/wp-json\/wp\/v2\/users\/1"}],"replies":[{"embeddable":true,"href":"https:\/\/endocor.com\/de\/wp-json\/wp\/v2\/comments?post=28349"}],"version-history":[{"count":3,"href":"https:\/\/endocor.com\/de\/wp-json\/wp\/v2\/pages\/28349\/revisions"}],"predecessor-version":[{"id":29302,"href":"https:\/\/endocor.com\/de\/wp-json\/wp\/v2\/pages\/28349\/revisions\/29302"}],"wp:attachment":[{"href":"https:\/\/endocor.com\/de\/wp-json\/wp\/v2\/media?parent=28349"}],"curies":[{"name":"wp","href":"https:\/\/api.w.org\/{rel}","templated":true}]}}